{"id":4527,"date":"2024-10-26T15:38:42","date_gmt":"2024-10-26T14:38:42","guid":{"rendered":"https:\/\/www.accordion.cz\/?page_id=4527"},"modified":"2024-10-29T15:36:38","modified_gmt":"2024-10-29T14:36:38","slug":"results-2024","status":"publish","type":"page","link":"https:\/\/www.accordion.cz\/?page_id=4527&lang=en","title":{"rendered":"RESULTS 2024"},"content":{"rendered":"\n<h1 class=\"wp-block-heading\">V\u00ddSLEDKY 2024<\/h1>\n\n\n\n<p id=\"block-79c653a3-7237-4050-b70d-7f692bc7f159\"><a href=\"https:\/\/www.accordion.cz\/wp-content\/uploads\/2024\/10\/PODROBNEVYSLEDKY1.pdf\">Detailed results in .pdf<\/a><\/p>\n\n\n\n<p id=\"block-3ae1af7d-214b-460f-8842-86989c5b482e\"><a href=\"https:\/\/www.accordion.cz\/wp-content\/uploads\/2024\/10\/IAD-Prague-2024.pdf\">FESTIVAL CATALOGUE in .pdf <\/a><\/p>\n\n\n\n<p>KATEGORIE \/ CATEGORY O<\/p>\n\n\n\n<figure class=\"wp-block-table\"><table class=\"has-fixed-layout\"><tbody><tr><td>&nbsp;<\/td><td>&nbsp;<\/td><td>&nbsp;<\/td><td><strong>\u00d8<\/strong><\/td><td><strong>p\u00e1smo<\/strong><\/td><\/tr><tr><td>1<\/td><td>Anton\u00edn<\/td><td>Holub<\/td><td>21,66<\/td><td>GOLDEN<\/td><\/tr><tr><td>2<\/td><td>Ane\u017eka<\/td><td>Kub\u00ednov\u00e1<\/td><td>23,06<\/td><td>GOLDEN<\/td><\/tr><tr><td>3<\/td><td>Louis<\/td><td>Mar\u0161\u00e1lek<\/td><td>22,3<\/td><td>GOLDEN<\/td><\/tr><tr><td>4<\/td><td>Vojt\u011bch<\/td><td>Parkan<\/td><td>23,56<\/td><td>GOLDEN<\/td><\/tr><tr><td>5<\/td><td>Filip<\/td><td>Pe\u0161ek<\/td><td>23,56<\/td><td>GOLDEN<\/td><\/tr><tr><td>6<\/td><td>Anna<\/td><td>\u0160im\u00e1kov\u00e1<\/td><td>22,54<\/td><td>GOLDEN<\/td><\/tr><\/tbody><\/table><\/figure>\n\n\n\n<p>KATEGORIE \/ CATEGORY I.<\/p>\n\n\n\n<figure class=\"wp-block-table\"><table class=\"has-fixed-layout\"><tbody><tr><td>&nbsp;<\/td><td>&nbsp;<\/td><td>&nbsp;<\/td><td><strong>\u00d8<\/strong><\/td><td><\/td><\/tr><tr><td>1<\/td><td>Wiktor<\/td><td>Kaczkowski<\/td><td>23,7<\/td><td>GOLDEN<\/td><\/tr><tr><td>2<\/td><td>Kristi\u00e1n<\/td><td>\u010cam\u00e1k<\/td><td>22,3<\/td><td>GOLDEN<\/td><\/tr><tr><td>3<\/td><td>Maty\u00e1\u0161<\/td><td>Bambule<\/td><td>21,76<\/td><td>GOLDEN<\/td><\/tr><tr><td>4<\/td><td>Ema<\/td><td>\u0160lampiakov\u00e1<\/td><td>21,42<\/td><td>GOLDEN<\/td><\/tr><tr><td>5<\/td><td>\u0160t\u011bp\u00e1nka<\/td><td>Ml\u00e1dkov\u00e1<\/td><td>20,64<\/td><td>SILVER<\/td><\/tr><tr><td>6<\/td><td>Tereza<\/td><td>\u0160im\u00e1kov\u00e1<\/td><td>20,48<\/td><td>SILVER<\/td><\/tr><tr><td>7<\/td><td>Micha\u0142<\/td><td>Bu\u015bko<\/td><td>20,4<\/td><td>SILVER<\/td><\/tr><tr><td>8<\/td><td>Nat\u00e1lie<\/td><td>Pra\u017e\u00e1kov\u00e1<\/td><td>20,32<\/td><td>SILVER<\/td><\/tr><tr><td>9<\/td><td>V\u00e1clav<\/td><td>Seck\u00fd<\/td><td>20,27<\/td><td>SILVER<\/td><\/tr><tr><td>10<\/td><td>V\u00edt<\/td><td>Val\u00edk<\/td><td>19,98<\/td><td>SILVER<\/td><\/tr><tr><td>11<\/td><td>Petr<\/td><td>Pe\u0161ek<\/td><td>19,78<\/td><td>SILVER<\/td><\/tr><tr><td>12<\/td><td>Kl\u00e1ra<\/td><td>Ko\u017edo\u0148ov\u00e1<\/td><td>19,66<\/td><td>SILVER<\/td><\/tr><tr><td>13<\/td><td>Anna<\/td><td>Fed\u00e1kov\u00e1<\/td><td>19,4<\/td><td>SILVER<\/td><\/tr><tr><td>14<\/td><td>Michaela<\/td><td>Vesel\u00e1<\/td><td>18,5<\/td><td>SILVER<\/td><\/tr><tr><td>15<\/td><td>Micha\u0142<\/td><td>Kosi\u0144ski<\/td><td>17,9<\/td><td>SILVER<\/td><\/tr><tr><td>16<\/td><td>\u0160\u00e1rka<\/td><td>Samohylov\u00e1<\/td><td>15,5<\/td><td>BRONZE<\/td><\/tr><\/tbody><\/table><\/figure>\n\n\n\n<p>KATEGORIE \/ CATEGORY II.<\/p>\n\n\n\n<figure class=\"wp-block-table\"><table class=\"has-fixed-layout\"><tbody><tr><td>&nbsp;<\/td><td>&nbsp;<\/td><td>&nbsp;<\/td><td><strong>\u00d8<\/strong><\/td><td><\/td><\/tr><tr><td><strong>1<\/strong><\/td><td><strong>Bohumil<\/strong><\/td><td><strong>\u010cerm\u00e1k<\/strong><\/td><td><strong>23,66<\/strong><\/td><td><strong>GOLDEN<\/strong><\/td><\/tr><tr><td>2<\/td><td>Barbora<\/td><td>Hub\u00e1\u010dkov\u00e1<\/td><td>23,32<\/td><td>GOLDEN<\/td><\/tr><tr><td>3<\/td><td>Nela<\/td><td>Tkadlecov\u00e1<\/td><td>23,27<\/td><td>GOLDEN<\/td><\/tr><tr><td>4<\/td><td>Liliana<\/td><td>Chovancov\u00e1<\/td><td>22,99<\/td><td>GOLDEN<\/td><\/tr><tr><td>5<\/td><td>Veronika<\/td><td>Mo\u0161\u010dovi\u010dov\u00e1<\/td><td>22,36<\/td><td>GOLDEN<\/td><\/tr><tr><td>6<\/td><td>Jan<\/td><td>Vejdovsk\u00fd<\/td><td>22,08<\/td><td>GOLDEN<\/td><\/tr><tr><td>7<\/td><td>Cezary<\/td><td>Kotas<\/td><td>21,7<\/td><td>GOLDEN<\/td><\/tr><tr><td>8<\/td><td>Mel\u00e1nia<\/td><td>Nemcov\u00e1<\/td><td>21,14<\/td><td>GOLDEN<\/td><\/tr><tr><td>9<\/td><td>Barbora<\/td><td>B\u0159ezinov\u00e1<\/td><td>21,12<\/td><td>GOLDEN<\/td><\/tr><tr><td>10<\/td><td>Jovana<\/td><td>Hru\u0161kov\u00e1<\/td><td>20,88<\/td><td>SILVER<\/td><\/tr><tr><td>11<\/td><td>Jakub<\/td><td>Masierowski<\/td><td>20,83<\/td><td>SILVER<\/td><\/tr><tr><td>12<\/td><td>Diana<\/td><td>Zami\u0161kov\u00e1<\/td><td>20,66<\/td><td>SILVER<\/td><\/tr><tr><td>13<\/td><td>Vojt\u011bch<\/td><td>Henzl<\/td><td>20,13<\/td><td>SILVER<\/td><\/tr><\/tbody><\/table><\/figure>\n\n\n\n<p>KATEGORIE \/ CATEGORY III.<\/p>\n\n\n\n<figure class=\"wp-block-table\"><table class=\"has-fixed-layout\"><tbody><tr><td><strong>&nbsp;<\/strong><\/td><td><strong>&nbsp;<\/strong><\/td><td><strong>&nbsp;<\/strong><\/td><td><strong>\u00d8<\/strong><\/td><td><\/td><\/tr><tr><td>1<\/td><td>Jaroslav<\/td><td>Pokuta<\/td><td>24,01<\/td><td>GOLDEN<\/td><\/tr><tr><td>2<\/td><td>Axel Ivan<\/td><td>Nordberg<\/td><td>23,88<\/td><td>GOLDEN<\/td><\/tr><tr><td>3<\/td><td>Kate\u0159ina<\/td><td>\u0160\u00e1tkov\u00e1<\/td><td>23,6<\/td><td>GOLDEN<\/td><\/tr><tr><td>4<\/td><td>Szymon<\/td><td>Kukla<\/td><td>22,46<\/td><td>GOLDEN<\/td><\/tr><tr><td>5<\/td><td>\u0160imon<\/td><td>Bla\u0161ko<\/td><td>21,9<\/td><td>GOLDEN<\/td><\/tr><tr><td>6<\/td><td>Tereza<\/td><td>Chalupov\u00e1<\/td><td>21,74<\/td><td>GOLDEN<\/td><\/tr><tr><td>7<\/td><td>Nikol<\/td><td>\u010cern\u00edkov\u00e1<\/td><td>21,34<\/td><td>GOLDEN<\/td><\/tr><tr><td>8<\/td><td>\u0160imon<\/td><td>Sobek<\/td><td>21,22<\/td><td>GOLDEN<\/td><\/tr><tr><td>9<\/td><td>Leo<\/td><td>Vani\u0161<\/td><td>21,08<\/td><td>GOLDEN<\/td><\/tr><tr><td>10<\/td><td>\u0160t\u011bp\u00e1n<\/td><td>Troj\u00e1k<\/td><td>20,98<\/td><td>SILVER<\/td><\/tr><tr><td>11<\/td><td>Matej<\/td><td>Kysel<\/td><td>20,6<\/td><td>SILVER<\/td><\/tr><tr><td>12<\/td><td>Ane\u017eka<\/td><td>Veletov\u00e1<\/td><td>20,5<\/td><td>SILVER<\/td><\/tr><tr><td>13<\/td><td>Eli\u0161ka<\/td><td>\u0160karydov\u00e1<\/td><td>20,3<\/td><td>SILVER<\/td><\/tr><tr><td>14<\/td><td>Wiktoria<\/td><td>Habrajska<\/td><td>19,62<\/td><td>SILVER<\/td><\/tr><tr><td>15<\/td><td>Kornel<\/td><td>Kowalczyk<\/td><td>19,38<\/td><td>SILVER<\/td><\/tr><tr><td>16<\/td><td>V\u00edtek<\/td><td>Modr\u00e1\u010dek<\/td><td>18,56<\/td><td>SILVER<\/td><\/tr><tr><td>17<\/td><td>Filip<\/td><td>Drunek<\/td><td>18,2<\/td><td>SILVER<\/td><\/tr><tr><td>18<\/td><td>Ivanka<\/td><td>Ivantsiuk<\/td><td>18,14<\/td><td>SILVER<\/td><\/tr><tr><td>19<\/td><td>Hubert<\/td><td>Kr\u00f3l<\/td><td>17,88<\/td><td>SILVER<\/td><\/tr><tr><td>20<\/td><td>Mi\u0142osz<\/td><td>Widzisz<\/td><td>17,14<\/td><td>SILVER<\/td><\/tr><tr><td>21<\/td><td>Natan<\/td><td>Jurzykowski<\/td><td>16,94<\/td><td>SILVER<\/td><\/tr><tr><td>22<\/td><td>Wiktor<\/td><td>W\u0105sovski<\/td><td>16,38<\/td><td>SILVER<\/td><\/tr><\/tbody><\/table><\/figure>\n\n\n\n<p>KATEGORIE \/ CATEGORY IV.<\/p>\n\n\n\n<figure class=\"wp-block-table\"><table class=\"has-fixed-layout\"><tbody><tr><td>&nbsp;1<\/td><td>&nbsp;<\/td><td>&nbsp;<\/td><td><strong>pr\u016fm\u011br<\/strong><\/td><td><strong>p\u00e1smo<\/strong><\/td><\/tr><tr><td>&nbsp;2<\/td><td>Djordje<\/td><td>Peric<\/td><td>24,36<\/td><td>GOLDEN<\/td><\/tr><tr><td>&nbsp;3<\/td><td>Martin<\/td><td>Chodl<\/td><td>23,94<\/td><td>GOLDEN<\/td><\/tr><tr><td>&nbsp;4<\/td><td>Daniela<\/td><td>V\u00e1\u0148ov\u00e1<\/td><td>23,86<\/td><td>GOLDEN<\/td><\/tr><tr><td>&nbsp;5<\/td><td>Karol\u00edna<\/td><td>\u010cekanov\u00e1<\/td><td>22,99<\/td><td>GOLDEN<\/td><\/tr><tr><td>&nbsp;6<\/td><td>Laura<\/td><td>Cabo Rodr\u00edguez<\/td><td>22,74<\/td><td>GOLDEN<\/td><\/tr><tr><td>&nbsp;7<\/td><td>Sabela<\/td><td>Rey Otero<\/td><td>22,42<\/td><td>GOLDEN<\/td><\/tr><tr><td>&nbsp;8<\/td><td>Klaudia<\/td><td>Jokiel<\/td><td>22,34<\/td><td>GOLDEN<\/td><\/tr><tr><td>&nbsp;9<\/td><td>Tom\u00e1\u0161<\/td><td>Tuscher<\/td><td>22,34<\/td><td>GOLDEN<\/td><\/tr><tr><td>&nbsp;10<\/td><td>Richard<\/td><td>J\u00e1gr<\/td><td>22,24<\/td><td>GOLDEN<\/td><\/tr><tr><td>&nbsp;11<\/td><td>Matou\u0161<\/td><td>Vesel\u00fd<\/td><td>21,81<\/td><td>GOLDEN<\/td><\/tr><tr><td>&nbsp;12<\/td><td>Eli\u0161ka<\/td><td>Ko\u0165arov\u00e1<\/td><td>21,08<\/td><td>GOLDEN<\/td><\/tr><tr><td>&nbsp;13<\/td><td>Igor<\/td><td>Kardasz<\/td><td>20,74<\/td><td>SILVER<\/td><\/tr><tr><td>&nbsp;14<\/td><td>Michal<\/td><td>Seman\u010d\u00edk<\/td><td>20,52<\/td><td>SILVER<\/td><\/tr><tr><td>&nbsp;15<\/td><td>Adam<\/td><td>Chlud<\/td><td>17,56<\/td><td>SILVER<\/td><\/tr><\/tbody><\/table><\/figure>\n\n\n\n<p>KATEGORIE \/ CATEGORY V.<\/p>\n\n\n\n<figure class=\"wp-block-table\"><table class=\"has-fixed-layout\"><tbody><tr><td>&nbsp;<\/td><td>&nbsp;<\/td><td>&nbsp;<\/td><td>\u00d8<\/td><td>p\u00e1smo<\/td><\/tr><tr><td>1<\/td><td>Jovan<\/td><td>Stanimirov<\/td><td>23,57<\/td><td>GOLDEN<\/td><\/tr><tr><td>2<\/td><td>Ivan<\/td><td>Jermakov<\/td><td>23,56<\/td><td>GOLDEN<\/td><\/tr><tr><td>3<\/td><td>Daniela<\/td><td>Hol\u00e1<\/td><td>22,48<\/td><td>GOLDEN<\/td><\/tr><tr><td>4<\/td><td>Toms<\/td><td>Rolovs<\/td><td>22,48<\/td><td>GOLDEN<\/td><\/tr><tr><td>5<\/td><td>Tade\u00e1\u0161<\/td><td>Mr\u00e1zek<\/td><td>21,5<\/td><td>GOLDEN<\/td><\/tr><tr><td>6<\/td><td>Denis<\/td><td>Litskan<\/td><td>20,18<\/td><td>SILVER<\/td><\/tr><tr><td>7<\/td><td>Liliana<\/td><td>Ber\u00e1nkov\u00e1<\/td><td>19,8<\/td><td>SILVER<\/td><\/tr><tr><td>8<\/td><td>Marie<\/td><td>Kop\u0159ivov\u00e1<\/td><td>18<\/td><td>SILVER<\/td><\/tr><tr><td>9<\/td><td>Simon<\/td><td>Szustkiewicz<\/td><td>17,06<\/td><td>SILVER<\/td><\/tr><tr><td>10<\/td><td>Kacper<\/td><td>Korzeniewski<\/td><td>15,9<\/td><td>BRONZE<\/td><\/tr><\/tbody><\/table><\/figure>\n\n\n\n<p>KATEGORIE \/ CATEGORY VI.<\/p>\n\n\n\n<figure class=\"wp-block-table\"><table class=\"has-fixed-layout\"><tbody><tr><td><\/td><td><\/td><td><\/td><td><\/td><td><strong>\u00d8<\/strong><\/td><\/tr><tr><td>1<\/td><td>Ren\u0101ts<\/td><td>Vanags<\/td><td>1.<\/td><td><strong>24,02<\/strong><\/td><\/tr><tr><td>2<\/td><td>Dario<\/td><td>Mihaljevi\u0107<\/td><td>2.<\/td><td><strong>21,92<\/strong><\/td><\/tr><tr><td>3<\/td><td>Dmytro<\/td><td>Sakovych<\/td><td>3.<\/td><td><strong>20,44<\/strong><\/td><\/tr><tr><td>4<\/td><td>Denis<\/td><td>Liekne<\/td><td>&nbsp;<\/td><td><strong>19,02<\/strong><\/td><\/tr><tr><td>5<\/td><td>Cassie<\/td><td>Honan<\/td><td>&nbsp;<\/td><td><strong>14,58<\/strong><\/td><\/tr><tr><td>6<\/td><td>Volodymyr<\/td><td>Lebiediev<\/td><td>&nbsp;<\/td><td><strong>13,88<\/strong><\/td><\/tr><tr><td>7<\/td><td>Aed\u00edn<\/td><td>Davis<\/td><td>&nbsp;<\/td><td><strong>13,82<\/strong><\/td><\/tr><\/tbody><\/table><\/figure>\n\n\n\n<p>KATEGORIE \/ CATEGORY VIII.<\/p>\n\n\n\n<figure class=\"wp-block-table\"><table class=\"has-fixed-layout\"><tbody><tr><td>1<\/td><td>Duo con brio<\/td><td>22,7<\/td><td>golden<\/td><\/tr><tr><td>2<\/td><td>Duo Nordberg<\/td><td>22,62<\/td><td>golden<\/td><\/tr><tr><td>3<\/td><td>DUO NIKEL<\/td><td>22,6<\/td><td>golden<\/td><\/tr><tr><td>4<\/td><td>FAMily<\/td><td>21,54<\/td><td>golden<\/td><\/tr><\/tbody><\/table><\/figure>\n\n\n\n<p>KATEGORIE \/ CATEGORY IX.<\/p>\n\n\n\n<figure class=\"wp-block-table\"><table class=\"has-fixed-layout\"><tbody><tr><td>1<\/td><td>Duo Palladio<\/td><td>24,34<\/td><td>golden<\/td><\/tr><tr><td>2<\/td><td>Pro Arte Duo<\/td><td>20,15<\/td><td>silver<\/td><\/tr><\/tbody><\/table><\/figure>\n\n\n\n<p><br>KATEGORIE \/ CATEGORY X.<\/p>\n\n\n\n<figure class=\"wp-block-table\"><table class=\"has-fixed-layout\"><tbody><tr><td>1.<\/td><td>Royal Meath Accordion Ensemble<\/td><td>24,61<\/td><td>golden<\/td><\/tr><\/tbody><\/table><\/figure>\n\n\n\n<p>KATEGORIE \/ CATEGORY XI.<\/p>\n\n\n\n<figure class=\"wp-block-table\"><table class=\"has-fixed-layout\"><tbody><tr><td>1.<\/td><td>Musica in fiore Trossingen<\/td><td>24,63 &#8211; GOLDEN<\/td><\/tr><\/tbody><\/table><\/figure>\n\n\n\n<p>KATEGORIE \/ CATEGORY XII.<\/p>\n\n\n\n<figure class=\"wp-block-table\"><table class=\"has-fixed-layout\"><tbody><tr><td>1.<\/td><td>HUMI Accordion Orchestra<\/td><td>24,7<\/td><td>GOLDENG<\/td><\/tr><tr><td>2.<\/td><td>Szczecin Accordion Band<\/td><td>23,85<\/td><td>GOLDEN<\/td><\/tr><\/tbody><\/table><\/figure>\n\n\n\n<figure class=\"wp-block-table\"><table class=\"has-fixed-layout\"><tbody><tr><td>&nbsp;<\/td><td>&nbsp;<\/td><td>&nbsp;<\/td><td>1.<\/td><td>2.<\/td><td>\u00d8 1. + 2.<\/td><\/tr><tr><td>1,<\/td><td>Leonid Florin<\/td><td>Muravjov<\/td><td>24,36<\/td><td>24,59<\/td><td>24,47<\/td><\/tr><tr><td>&nbsp;2.<\/td><td>Vladan<\/td><td>Prodanovi\u0107<\/td><td>22,79<\/td><td>22,7<\/td><td>22,75<\/td><\/tr><tr><td>&nbsp;3.<\/td><td>Leo\u0161<\/td><td>Frahnke<\/td><td>21,86<\/td><td>22,73<\/td><td>22,30<\/td><\/tr><tr><td>&nbsp;4.<\/td><td>Dagmar<\/td><td>Chalupov\u00e1<\/td><td>21,52<\/td><td>21,99<\/td><td>21,76<\/td><\/tr><tr><td>&nbsp;5.<\/td><td>Andrea<\/td><td>Nassivera<\/td><td>23,09<\/td><td>19,46<\/td><td>21,28<\/td><\/tr><tr><td>&nbsp;<\/td><td>Jevgenia<\/td><td>Siros<\/td><td>20,04<\/td><td>&nbsp;<\/td><td>&nbsp;<\/td><\/tr><tr><td>&nbsp;<\/td><td>Andrea<\/td><td>\u0160ulcov\u00e1<\/td><td>19,18<\/td><td>&nbsp;<\/td><td>&nbsp;<\/td><\/tr><tr><td>&nbsp;<\/td><td>Anna<\/td><td>Matchenko<\/td><td>19,06<\/td><td>&nbsp;<\/td><td>&nbsp;<\/td><\/tr><\/tbody><\/table><\/figure>\n","protected":false},"excerpt":{"rendered":"<p>V\u00ddSLEDKY 2024 Detailed results in .pdf FESTIVAL CATALOGUE in .pdf KATEGORIE \/ CATEGORY O &nbsp; &nbsp; &nbsp; \u00d8 p\u00e1smo 1 Anton\u00edn Holub 21,66 GOLDEN 2 Ane\u017eka Kub\u00ednov\u00e1 23,06 GOLDEN 3 Louis Mar\u0161\u00e1lek 22,3 GOLDEN 4 Vojt\u011bch Parkan 23,56 GOLDEN 5&hellip; <\/p>\n","protected":false},"author":2,"featured_media":0,"parent":0,"menu_order":0,"comment_status":"closed","ping_status":"closed","template":"","meta":{"footnotes":""},"class_list":["post-4527","page","type-page","status-publish","hentry"],"_links":{"self":[{"href":"https:\/\/www.accordion.cz\/index.php?rest_route=\/wp\/v2\/pages\/4527"}],"collection":[{"href":"https:\/\/www.accordion.cz\/index.php?rest_route=\/wp\/v2\/pages"}],"about":[{"href":"https:\/\/www.accordion.cz\/index.php?rest_route=\/wp\/v2\/types\/page"}],"author":[{"embeddable":true,"href":"https:\/\/www.accordion.cz\/index.php?rest_route=\/wp\/v2\/users\/2"}],"replies":[{"embeddable":true,"href":"https:\/\/www.accordion.cz\/index.php?rest_route=%2Fwp%2Fv2%2Fcomments&post=4527"}],"version-history":[{"count":4,"href":"https:\/\/www.accordion.cz\/index.php?rest_route=\/wp\/v2\/pages\/4527\/revisions"}],"predecessor-version":[{"id":4548,"href":"https:\/\/www.accordion.cz\/index.php?rest_route=\/wp\/v2\/pages\/4527\/revisions\/4548"}],"wp:attachment":[{"href":"https:\/\/www.accordion.cz\/index.php?rest_route=%2Fwp%2Fv2%2Fmedia&parent=4527"}],"curies":[{"name":"wp","href":"https:\/\/api.w.org\/{rel}","templated":true}]}}