{"id":4111,"date":"2023-10-02T21:36:38","date_gmt":"2023-10-02T20:36:38","guid":{"rendered":"https:\/\/www.accordion.cz\/?page_id=4111"},"modified":"2023-10-30T12:28:27","modified_gmt":"2023-10-30T11:28:27","slug":"teilnehmern-2023","status":"publish","type":"page","link":"https:\/\/www.accordion.cz\/?page_id=4111&lang=de","title":{"rendered":"ERGEBNISE 2023"},"content":{"rendered":"\n<p><a href=\"https:\/\/www.accordion.cz\/wp-content\/uploads\/2023\/10\/PODROBNEVYSLEDKY.pdf\">Endg\u00fcltige Ergebnisse zum Download im PDF-Format<\/a><\/p>\n\n\n\n<table class=\"wp-block-table\"><tbody><tr><td>\n  <strong>Kategorie I.<\/strong>&nbsp;\n  <\/td><\/tr><tr><td>\n  1\n  <\/td><td>\n  Kl\u00e1ra\n  <\/td><td>\n  Jarkovsk\u00e1\n  <\/td><td>\n  CZ\n  <\/td><\/tr><tr><td>\n  2\n  <\/td><td>\n  \u0160\u00e1rka\n  <\/td><td>\n  Samohylov\u00e1\n  <\/td><td>\n  CZ\n  <\/td><\/tr><tr><td>\n  3\n  <\/td><td>\n  Vojt\u011bch \n  <\/td><td>\n  Stejskal\n  <\/td><td>\n  CZ\n  <\/td><\/tr><tr><td>\n  4\n  <\/td><td>\n  Tereza\n  <\/td><td>\n  \u0160im\u00e1kov\u00e1\n  <\/td><td>\n  CZ\n  <\/td><\/tr><tr><td>\n  5\n  <\/td><td>\n  Ema\n  <\/td><td>\n  \u0160lampiakov\u00e1\n  <\/td><td>\n  SK\n  <\/td><\/tr><tr><td>\n  6\n  <\/td><td>\n  Aronas\n  <\/td><td>\n  Antanaitis \n  <\/td><td>\n  LT\n  <\/td><\/tr><tr><td>\n  7\n  <\/td><td>\n  Kristi\u00e1n\n  <\/td><td>\n  \u010cam\u00e1k\n  <\/td><td>\n  SK\n  <\/td><\/tr><tr><td>\n  8\n  <\/td><td>\n  Bohumil\n  <\/td><td>\n  \u010cerm\u00e1k\n  <\/td><td>\n  CZ\n  <\/td><\/tr><\/tbody><\/table>\n\n\n\n<table class=\"wp-block-table\"><tbody><tr><td>\n  <strong>Kategorie\n  II.<\/strong>&nbsp;\n  <\/td><\/tr><tr><td>\n  1\n  <\/td><td>\n  Jovana\n  <\/td><td>\n  Hru\u0161kov\u00e1\n  <\/td><td>\n  CZ\n  <\/td><\/tr><tr><td>\n  2\n  <\/td><td>\n  Barbora \n  <\/td><td>\n  Hub\u00e1\u010dkov\u00e1\n  <\/td><td>\n  CZ\n  <\/td><\/tr><tr><td>\n  3\n  <\/td><td>\n  Liliana\n  <\/td><td>\n  Chovancov\u00e1\n  <\/td><td>\n  SK\n  <\/td><\/tr><tr><td>\n  4\n  <\/td><td>\n  Joras\n  <\/td><td>\n  Juralevi\u010dius\n  <\/td><td>\n  LT\n  <\/td><\/tr><tr><td>\n  5\n  <\/td><td>\n  Justinas\n  <\/td><td>\n  Kaliatka\n  <\/td><td>\n  LT\n  <\/td><\/tr><tr><td>\n  6\n  <\/td><td>\n  Matej\n  <\/td><td>\n  Kysel\n  <\/td><td>\n  SK\n  <\/td><\/tr><tr><td>\n  7\n  <\/td><td>\n  Kuba\n  <\/td><td>\n  Masierowski\n  <\/td><td>\n  PL\n  <\/td><\/tr><tr><td>\n  8\n  <\/td><td>\n  Jaroslav\n  <\/td><td>\n  Pokuta\n  <\/td><td>\n  CZ\n  <\/td><\/tr><tr><td>\n  9\n  <\/td><td>\n  Paulina\n  <\/td><td>\n  Tarczy\u0144ska\n  <\/td><td>\n  PL\n  <\/td><\/tr><tr><td>\n  10\n  <\/td><td>\n  Nela\n  <\/td><td>\n  Tkadlecov\u00e1\n  <\/td><td>\n  SK\n  <\/td><\/tr><tr><td>\n  11\n  <\/td><td>\n  Dominykas\n  <\/td><td>\n  Tumosa\n  <\/td><td>\n  LT\n  <\/td><\/tr><tr><td>\n  12\n  <\/td><td>\n  Linas\n  <\/td><td>\n  Val\u010diukas \n  <\/td><td>\n  LT\n  <\/td><\/tr><tr><td>\n  13\n  <\/td><td>\n  Adam \n  <\/td><td>\n  Z\u00e1le\u0161\u00e1k\n  <\/td><td>\n  SK\n  <\/td><\/tr><tr><td>\n  14\n  <\/td><td>\n  Diana\n  <\/td><td>\n  Zami\u0161kov\u00e1\n  <\/td><td>\n  SK\n  <\/td><\/tr><tr><td>\n  15\n  <\/td><td>\n  \u0160imon\n  <\/td><td>\n  Bla\u0161ko\n  <\/td><td>\n  CZ\n  <\/td><\/tr><tr><td>\n  16\n  <\/td><td>\n  Nikol \n  <\/td><td>\n  \u010cern\u00edkov\u00e1\n  <\/td><td>\n  CZ\n  <\/td><\/tr><tr><td>\n  17\n  <\/td><td>\n  Magdal\u00e9na\n  <\/td><td>\n  Daj\u010dov\u00e1\n  <\/td><td>\n  CZ\n  <\/td><\/tr><tr><td>\n  18\n  <\/td><td>\n  Guost\u0117\n  <\/td><td>\n  Dambrauskait\u0117\n  \n  <\/td><td>\n  LT\n  <\/td><\/tr><\/tbody><\/table>\n\n\n\n<table class=\"wp-block-table\"><tbody><tr><td>\n  <strong>Kategorie\n  III.<\/strong>&nbsp;\n  <\/td><\/tr><tr><td>\n  1\n  <\/td><td>\n  Filip \n  <\/td><td>\n  Holtan\n  <\/td><td>\n  SK\n  <\/td><\/tr><tr><td>\n  2\n  <\/td><td>\n  Tereza\n  <\/td><td>\n  Chalupov\u00e1\n  <\/td><td>\n  CZ\n  <\/td><\/tr><tr><td>\n  3\n  <\/td><td>\n  Adam\n  <\/td><td>\n  Chlud\n  <\/td><td>\n  CZ\n  <\/td><\/tr><tr><td>\n  4\n  <\/td><td>\n  Lucie\n  <\/td><td>\n  Jindrov\u00e1\n  <\/td><td>\n  CZ\n  <\/td><\/tr><tr><td>\n  5\n  <\/td><td>\n  Filip\n  <\/td><td>\n  Jozef\u00edk\n  <\/td><td>\n  SK\n  <\/td><\/tr><tr><td>\n  6\n  <\/td><td>\n  Igor\n  <\/td><td>\n  Kardascz \n  <\/td><td>\n  PL\n  <\/td><\/tr><tr><td>\n  7\n  <\/td><td>\n  Eli\u0161ka\n  <\/td><td>\n  Ko\u0165arov\u00e1\n  <\/td><td>\n  CZ\n  <\/td><\/tr><tr><td>\n  8\n  <\/td><td>\n  Kornel\n  <\/td><td>\n  Kowalczyk\n  <\/td><td>\n  PL\n  <\/td><\/tr><tr><td>\n  9\n  <\/td><td>\n  V\u00edtek\n  <\/td><td>\n  Modr\u00e1\u010dek\n  <\/td><td>\n  CZ\n  <\/td><\/tr><tr><td>\n  10\n  <\/td><td>\n  Danas\n  <\/td><td>\n  Pe\u010dkys\n  <\/td><td>\n  LT\n  <\/td><\/tr><tr><td>\n  11\n  <\/td><td>\n  Djordje\n  <\/td><td>\n  Peric\n  <\/td><td>\n  BA\n  <\/td><\/tr><tr><td>\n  12\n  <\/td><td>\n  \u0160imon\n  <\/td><td>\n  Sobek\n  <\/td><td>\n  SK\n  <\/td><\/tr><tr><td>\n  13\n  <\/td><td>\n  Peter\n  <\/td><td>\n  Sokol\n  <\/td><td>\n  SK\n  <\/td><\/tr><tr><td>\n  14\n  <\/td><td>\n  Eli\u0161ka\n  <\/td><td>\n  \u0160karydov\u00e1\n  <\/td><td>\n  CZ\n  <\/td><\/tr><tr><td>\n  15\n  <\/td><td>\n  Ela\n  <\/td><td>\n  \u0164a\u017eiarov\u00e1\n  <\/td><td>\n  SK\n  <\/td><\/tr><tr><td>\n  16\n  <\/td><td>\n  \u0160t\u011bp\u00e1n\n  <\/td><td>\n  Troj\u00e1k\n  <\/td><td>\n  CZ\n  <\/td><\/tr><tr><td>\n  17\n  <\/td><td>\n  Tom\u00e1\u0161\n  <\/td><td>\n  Tuscher\n  <\/td><td>\n  CZ\n  <\/td><\/tr><tr><td>\n  18\n  <\/td><td>\n  Ane\u017eka\n  <\/td><td>\n  Veletov\u00e1\n  <\/td><td>\n  CZ\n  <\/td><\/tr><tr><td>\n  19\n  <\/td><td>\n  Julie\n  <\/td><td>\n  Bl\u00e1hov\u00e1\n  <\/td><td>\n  CZ\n  <\/td><\/tr><tr><td>\n  20\n  <\/td><td>\n  Timotej\n  <\/td><td>\n  Gerhard\n  <\/td><td>\n  SK\n  <\/td><\/tr><\/tbody><\/table>\n\n\n\n<table class=\"wp-block-table\"><tbody><tr><td>\n  <strong>Kategorie\n  IV.<\/strong>&nbsp;\n  <\/td><\/tr><tr><td>\n  1\n  <\/td><td>\n  Marianna\n  <\/td><td>\n  Hur\u00e1kov\u00e1\n  <\/td><td>\n  SK\n  <\/td><\/tr><tr><td>\n  2\n  <\/td><td>\n  Richard\n  <\/td><td>\n  J\u00e1gr\n  <\/td><td>\n  CZ\n  <\/td><\/tr><tr><td>\n  3\n  <\/td><td>\n  Johanka\n  <\/td><td>\n  Juklov\u00e1\n  <\/td><td>\n  CZ\n  <\/td><\/tr><tr><td>\n  4\n  <\/td><td>\n  Kacper\n  <\/td><td>\n  Korzeniewski\n  <\/td><td>\n  PL\n  <\/td><\/tr><tr><td>\n  5\n  <\/td><td>\n  Neda\n  <\/td><td>\n  Motiej\u016bnait\u0117\n  <\/td><td>\n  LT\n  <\/td><\/tr><tr><td>\n  6\n  <\/td><td>\n  Tade\u00e1\u0161\n  <\/td><td>\n  Mr\u00e1zek\n  <\/td><td>\n  CZ\n  <\/td><\/tr><tr><td>\n  7\n  <\/td><td>\n  \u0141ukasz\n  <\/td><td>\n  Skalski\n  <\/td><td>\n  PL\n  <\/td><\/tr><tr><td>\n  8\n  <\/td><td>\n  Barbora\n  <\/td><td>\n  \u0160vecov\u00e1\n  <\/td><td>\n  CZ\n  <\/td><\/tr><tr><td>\n  9\n  <\/td><td>\n  Eva\n  <\/td><td>\n  Vasilieva\n  <\/td><td>\n  LT\n  <\/td><\/tr><tr><td>\n  10\n  <\/td><td>\n  Matou\u0161\n  <\/td><td>\n  Vesel\u00fd\n  <\/td><td>\n  CZ\n  <\/td><\/tr><tr><td>\n  11\n  <\/td><td>\n  Lucas\n  <\/td><td>\n  Wiedenmann\n  <\/td><td>\n  DE\n  <\/td><\/tr><tr><td>\n  12\n  <\/td><td>\n  Tianning \n  <\/td><td>\n  Yu\n  <\/td><td>\n  CHN\n  <\/td><\/tr><tr><td>\n  13\n  <\/td><td>\n  Liliana\n  <\/td><td>\n  Ber\u00e1nkov\u00e1\n  <\/td><td>\n  CZ\n  <\/td><\/tr><\/tbody><\/table>\n\n\n\n<table class=\"wp-block-table\"><tbody><tr><td>\n  <strong>Kategorie V.<\/strong>&nbsp;\n  <\/td><\/tr><tr><td>\n  1\n  <\/td><td>\n  Viera \n  <\/td><td>\n  Hodasov\u00e1\n  <\/td><td>\n  SK\n  <\/td><\/tr><tr><td>\n  2\n  <\/td><td>\n  Zhiyi \n  <\/td><td>\n  Chen\n  <\/td><td>\n  CHN\n  <\/td><\/tr><tr><td>\n  3\n  <\/td><td>\n  Juliana\n  <\/td><td>\n  Kraus\n  <\/td><td>\n  DE\n  <\/td><\/tr><tr><td>\n  4\n  <\/td><td>\n  Eva\n  <\/td><td>\n  Narauskait\u0117 \n  <\/td><td>\n  LT\n  <\/td><\/tr><tr><td>\n  5\n  <\/td><td>\n  Roman\n  <\/td><td>\n  Papiernik\n  <\/td><td>\n  SK\n  <\/td><\/tr><tr><td>\n  6\n  <\/td><td>\n  Gabrielius\n  <\/td><td>\n  Ruzas\n  <\/td><td>\n  LT\n  <\/td><\/tr><tr><td>\n  7\n  <\/td><td>\n  Joe\n  <\/td><td>\n  Schr\u00f6der\n  <\/td><td>\n  DE\n  <\/td><\/tr><tr><td>\n  8\n  <\/td><td>\n  Gust\u0117 Marija \n  <\/td><td>\n  Stani\u0161auskait\u0117\n  <\/td><td>\n  LT\n  <\/td><\/tr><tr><td>\n  9\n  <\/td><td>\n  Jan\n  <\/td><td>\n  \u0160vejda\n  <\/td><td>\n  CZ\n  <\/td><\/tr><tr><td>\n  10\n  <\/td><td>\n  Kristina\n  <\/td><td>\n  Veletov\u00e1\n  <\/td><td>\n  CZ\n  <\/td><\/tr><tr><td>\n  11\n  <\/td><td>\n  Jana\n  <\/td><td>\n  Vlachov\u00e1\n  <\/td><td>\n  CZ\n  <\/td><\/tr><tr><td>\n  12\n  <\/td><td>\n  Marie\n  <\/td><td>\n  Z\u00e1vodsk\u00e1\n  <\/td><td>\n  CZ\n  <\/td><\/tr><tr><td>\n  13\n  <\/td><td>\n  Yining \n  <\/td><td>\n  Zheng\n  <\/td><td>\n  CHN\n  <\/td><\/tr><tr><td>\n  14\n  <\/td><td>\n  Nicole\n  <\/td><td>\n  Alber\n  <\/td><td>\n  DE\n  <\/td><\/tr><tr><td>\n  15\n  <\/td><td>\n  V\u00e1clav \n  <\/td><td>\n  Bastl\n  <\/td><td>\n  CZ\n  <\/td><\/tr><tr><td>\n  16\n  <\/td><td>\n  Bela \n  <\/td><td>\n  Brichzin\n  <\/td><td>\n  DE\n  <\/td><\/tr><tr><td>\n  17\n  <\/td><td>\n  Motiejus\n  <\/td><td>\n  Dudnikas\n  <\/td><td>\n  LT\n  <\/td><\/tr><\/tbody><\/table>\n\n\n\n<table class=\"wp-block-table\"><tbody><tr><td>\n  <strong>Kategorie\n  VI.<\/strong>&nbsp;\n  <\/td><\/tr><tr><td>\n  1\n  <\/td><td>\n  Hugo\n  <\/td><td>\n  Puli\u0161\n  <\/td><td>\n  SK\n  <\/td><\/tr><tr><td>\n  2\n  <\/td><td>\n  Nojus\n  <\/td><td>\n  Rimkus\n  <\/td><td>\n  LT\n  <\/td><\/tr><tr><td>\n  3\n  <\/td><td>\n  S\u00e1ra\n  <\/td><td>\n  Sokolov\u00e1\n  <\/td><td>\n  SK\n  <\/td><\/tr><tr><td>\n  4\n  <\/td><td>\n  Michaela\n  <\/td><td>\n  \u0160r\u00e1mkov\u00e1\n  <\/td><td>\n  CZ\n  <\/td><\/tr><tr><td>\n  5\n  <\/td><td>\n  Andrea\n  <\/td><td>\n  \u0160ulcov\u00e1\n  <\/td><td>\n  CZ\n  <\/td><\/tr><tr><td>\n  6\n  <\/td><td>\n  Bela \n  <\/td><td>\n  Brichzin\n  <\/td><td>\n  DE\n  <\/td><\/tr><\/tbody><\/table>\n\n\n\n<table class=\"wp-block-table\"><tbody><tr><td>\n  <strong>Kategorie\n  VII.<\/strong>&nbsp;\n  <\/td><\/tr><tr><td>\n  1\n  <\/td><td>\n  Azmir\n  <\/td><td>\n  Halilovi\u0107\n  <\/td><td>\n  BA\n  <\/td><\/tr><tr><td>\n  2\n  <\/td><td>\n  Nikita\n  <\/td><td>\n  Kadesnikov\n  <\/td><td>\n  SK\n  <\/td><\/tr><tr><td>\n  3\n  <\/td><td>\n  Pavel \n  <\/td><td>\n  Kotou\u010dek\n  <\/td><td>\n  GB\n  <\/td><\/tr><tr><td>\n  4\n  <\/td><td>\n  Martin\n  <\/td><td>\n  \u0160ulc\n  <\/td><td>\n  CZ\n  <\/td><\/tr><tr><td>\n  5\n  <\/td><td>\n  Edvin\n  <\/td><td>\n  Cilindz\n  <\/td><td>\n  LT\n  <\/td><\/tr><tr><td>\n  6\n  <\/td><td>\n  Leo\u0161\n  <\/td><td>\n  Frahnke\n  <\/td><td>\n  DE\n  <\/td><\/tr><tr><td>\n  7\n  <\/td><td>\n  Sandra\n  <\/td><td>\n  Giepmann\n  <\/td><td>\n  DE\n  <\/td><\/tr><tr><td>\n  8\n  <\/td><td>\n  Daniel\n  <\/td><td>\n  Grunski\n  <\/td><td>\n  DE\n  <\/td><\/tr><tr><td>\n  9\n  <\/td><td>\n  Aleksandar\n  <\/td><td>\n  Gvozdi\u0107\n  <\/td><td>\n  SK\n  <\/td><\/tr><\/tbody><\/table>\n\n\n\n<p>Category VIII.<\/p>\n\n\n\n<table class=\"wp-block-table\"><tbody><tr><td>\n  1\n  <\/td><td>\n  MUBA\n  accordion trio Tallin\n  <\/td><td>\n  EE\n  <\/td><\/tr><tr><td>\n  2\n  <\/td><td>\n  Duo\n  Mus\u00edlkov\u00e1 &amp; Juklov\u00e1\n  <\/td><td>\n  CZ\n  <\/td><\/tr><tr><td>\n  3\n  <\/td><td>\n  FAMily\n  Florian, Albert, Matylda Mazurek\n  <\/td><td>\n  PL\n  <\/td><\/tr><tr><td>\n  4\n  <\/td><td>\n  Duo\n  Accordion-Viola\n  <\/td><td>   DE     <\/td><\/tr><tr><td>\n  5\n  <\/td><td>\n  Duo Agora\n  <\/td><td>\n  LT\n  <\/td><\/tr><tr><td>\n  6\n  <\/td><td>\n  DUO Con Brio\n  <\/td><td>\n  CZ\n  <\/td><\/tr><tr><td>\n  7\n  <\/td><td>\n  Neye\/Schr\u00f6der\n  <\/td><td>\n  DE\n  <\/td><\/tr><\/tbody><\/table>\n\n\n\n<p>Category IX.<\/p>\n\n\n\n<table class=\"wp-block-table\"><tbody><tr><td>\n  1\n  <\/td><td>\n  Trio\n  \u201cMetaccord\u201d\n  <\/td><td>\n  LT\n  <\/td><\/tr><tr><td>\n  2\n  <\/td><td>\n  Trio Feroce \n  <\/td><td>\n  LT\n  <\/td><\/tr><tr><td>\n  3\n  <\/td><td>\n  Veronika\n  Bridov\u00e1 a Denisa Vy\u0161insk\u00e1\n  <\/td><td>\n  SK\n  <\/td><\/tr><tr><td>\n  4\n  <\/td><td>\n  S.O.S Trio\n  <\/td><td>\n  PL\n  <\/td><\/tr><\/tbody><\/table>\n\n\n\n<p>Category X.<\/p>\n\n\n\n<p>   1      Accordion   Quartet: Deimant\u0117 \u017dukait\u0117, Silvija Auglyt\u0117, Vilija Sendi Muchinait\u0117, Orestas   Razumas      (LT)  <\/p>\n\n\n\n<p>Category XI. <\/p>\n\n\n\n<table class=\"wp-block-table\"><tbody><tr><td>\n  1\n  <\/td><td>   Ensemble des   Harmonikaring Berghausen 1953 e.V.  (DE)<\/td><td>   <\/td><\/tr><tr><td>\n  2\n  <\/td><td>   Kwintet   Akordeonowy Pro Arte (PL)   <\/td><td>  <\/td><\/tr><tr><td>\n  3\n  <\/td><td>   Akordeonov\u00fd   kvintet ZU\u0160 \u010cerven\u00fd Kostelec, N\u00e1chod a \u00dapice   (CZ)<\/td><td> <\/td><\/tr><tr><td>\n  4\n  <\/td><td>   Kvarteto   SKDK Topo\u013e\u010dany (SK)  <\/td><td>   <\/td><\/tr><\/tbody><\/table>\n\n\n\n<p><strong>Category XII.<\/strong><\/p>\n\n\n\n<table class=\"wp-block-table\"><tbody><tr><td>\n  1\n  <\/td><td>   ORKESTROMANIJA   Kaunas  (LT) <\/td><td>  <\/td><\/tr><tr><td>\n  2\n  <\/td><td>   Musica   HarmonikaZU\u0160 N\u00e1chod, ZU\u0160 \u010cerven\u00fd Kostelec, ZU\u0160 A.M.Buxton \u00dapice (CZ)  <\/td><td>  <\/td><\/tr><tr><td>\n  3\n  <\/td><td>   Pohoda   Havl\u00ed\u010dk\u016fv Brod   (CZ)<\/td><td>  <\/td><\/tr><tr><td>\n  4\n  <\/td><td>   Estonian   Youth Accordion Orchestra Tallinn (EE)  <\/td><td>   <\/td><\/tr><\/tbody><\/table>\n\n\n\n<p><strong>Category XIII.<\/strong><\/p>\n\n\n\n<table class=\"wp-block-table\"><tbody><tr><td>\n  1\n  <\/td><td>   Akkordeonorchester des Harmonikaring Berghausen 1953 e.V.   (DE)<\/td><td>   <\/td><\/tr><tr><td>\n  2\n  <\/td><td>   Akkordeon-Orchester 1980 Dinslaken\/Oberhausen e.V.   (DE)<\/td><td>   <\/td><\/tr><\/tbody><\/table>\n\n\n\n<p><strong>Category XIV.<\/strong><\/p>\n\n\n\n<table class=\"wp-block-table\"><tbody><tr><td>\n  1\n  <\/td><td>   Estonian   Youth Accordion Orchestra Tallinn (EE)   <\/td><td>   <\/td><\/tr><tr><td>\n  2\n  <\/td><td>   Vilniaus   raj. Rudaminos meno mokyklos akordeonist\u0173 orkestras \u00abAd Libitum\u00bb (LT)  <\/td><td>   <\/td><\/tr><tr><td>\n  3\n  <\/td><td>   Zachodniopomorska   Orkiestra Akordeonowa &#8222;Szczecin Accordion Band&#8220; (PL)  <\/td><td>   <\/td><\/tr><\/tbody><\/table>\n\n\n<p><!--EndFragment--><\/p>\n<p><\/p>","protected":false},"excerpt":{"rendered":"<p>Endg\u00fcltige Ergebnisse zum Download im PDF-Format Kategorie I.&nbsp; 1 Kl\u00e1ra Jarkovsk\u00e1 CZ 2 \u0160\u00e1rka Samohylov\u00e1 CZ 3 Vojt\u011bch Stejskal CZ 4 Tereza \u0160im\u00e1kov\u00e1 CZ 5 Ema \u0160lampiakov\u00e1 SK 6 Aronas Antanaitis LT 7 Kristi\u00e1n \u010cam\u00e1k SK 8 Bohumil \u010cerm\u00e1k CZ&hellip; <\/p>\n","protected":false},"author":2,"featured_media":0,"parent":0,"menu_order":0,"comment_status":"closed","ping_status":"closed","template":"","meta":{"footnotes":""},"class_list":["post-4111","page","type-page","status-publish","hentry"],"_links":{"self":[{"href":"https:\/\/www.accordion.cz\/index.php?rest_route=\/wp\/v2\/pages\/4111"}],"collection":[{"href":"https:\/\/www.accordion.cz\/index.php?rest_route=\/wp\/v2\/pages"}],"about":[{"href":"https:\/\/www.accordion.cz\/index.php?rest_route=\/wp\/v2\/types\/page"}],"author":[{"embeddable":true,"href":"https:\/\/www.accordion.cz\/index.php?rest_route=\/wp\/v2\/users\/2"}],"replies":[{"embeddable":true,"href":"https:\/\/www.accordion.cz\/index.php?rest_route=%2Fwp%2Fv2%2Fcomments&post=4111"}],"version-history":[{"count":4,"href":"https:\/\/www.accordion.cz\/index.php?rest_route=\/wp\/v2\/pages\/4111\/revisions"}],"predecessor-version":[{"id":4141,"href":"https:\/\/www.accordion.cz\/index.php?rest_route=\/wp\/v2\/pages\/4111\/revisions\/4141"}],"wp:attachment":[{"href":"https:\/\/www.accordion.cz\/index.php?rest_route=%2Fwp%2Fv2%2Fmedia&parent=4111"}],"curies":[{"name":"wp","href":"https:\/\/api.w.org\/{rel}","templated":true}]}}