{"id":343,"date":"2015-09-09T21:51:43","date_gmt":"2015-09-09T20:51:43","guid":{"rendered":"http:\/\/www.accordion.cz\/?page_id=343"},"modified":"2026-04-08T21:04:52","modified_gmt":"2026-04-08T20:04:52","slug":"festival-program","status":"publish","type":"page","link":"https:\/\/www.accordion.cz\/?page_id=343&lang=en","title":{"rendered":"festival program"},"content":{"rendered":"<h1><span style=\"color: #339966;\">Thursday 22. 10.<\/span><\/h1>\n<p>19:00 Exhibition Hall of UPMRUM, ul. 17. listopadu 2, Prague 1 <a href=\"_wp_link_placeholder\" data-wplink-edit=\"true\">(map)<\/a><strong><u><span style=\"color: #0066cc;\"><br \/><\/span><\/u><\/strong><span style=\"color: #333399;\"><strong>OPENING CONCERT<br \/><\/strong><\/span>Perform: <strong>Akkordeonorchester Leipzig Germany &#8211; Conductor: Eduard Funkner<\/strong><\/p>\n<h1><span style=\"color: #339966;\">Friday 23. 10.<\/span><\/h1>\n<p><strong><a href=\"https:\/\/mapy.com\/s\/logakugaja\" target=\"_blank\" rel=\"noopener\">Prague Conservatory &#8211;\u00a0Concert hall,\u00a0Dvo\u0159\u00e1kovo n\u00e1b\u0159. 2\u00a0 <\/a><a href=\"https:\/\/mapy.com\/s\/logakugaja\" target=\"_blank\" rel=\"noopener\">(map)<\/a><br \/>Competition of solists\u00a0<br \/>Announcement of results during the day<\/strong><\/p>\n<p><span style=\"color: #0000ff;\"><span style=\"color: #000000;\">20:00 <\/span><\/span><br \/><span style=\"color: #ff0000;\"><strong><span style=\"color: #333399;\">GALA CONCERT<\/span><\/strong><\/span><strong><br \/>Program: <span class=\"HwtZe\" lang=\"en\"><span class=\"jCAhz ChMk0b\"><span class=\"ryNqvb\">Congratulatory concert &#8222;Route 66&#8220; soloists: Stefan Hippe, Ladislav Hor\u00e1k and Mirco Patarini, NeoKlasik orchestra, conductor V\u00e1clav Dlask.<\/span><\/span> <br \/><span class=\"jCAhz ChMk0b\"><span class=\"ryNqvb\">Program &#8211; Hippe, Kukal, Marino, Vrzal<\/span><\/span><\/span><\/strong><\/p>\n<h1><span style=\"color: #339966;\">Saturday 24. 10<\/span>.<\/h1>\n<p><strong>Prague Conservatory &#8211;\u00a0Concert hall,\u00a0Dvo\u0159\u00e1kovo n\u00e1b\u0159. 2\u00a0 <a href=\"https:\/\/mapy.com\/s\/logakugaja\" target=\"_blank\" rel=\"noopener\">(map)<\/a><br \/><\/strong>Competition of solist or orchestras<\/p>\n<p><strong>20:30 Competition results, award ceremony, performance of festival winners<\/strong><\/p>\n<h1><span style=\"color: #008000;\">Sunday 25. 10.<\/span><\/h1>\n<pre>Attention! Timetable is indicative and changes are reserved!<\/pre>\n\n\n<p><\/p>\n\n\n\n<p><\/p>\n","protected":false},"excerpt":{"rendered":"<p>Thursday 22. 10. 19:00 Exhibition Hall of UPMRUM, ul. 17. listopadu 2, Prague 1 (map)OPENING CONCERTPerform: Akkordeonorchester Leipzig Germany &#8211; Conductor: Eduard Funkner Friday 23. 10. Prague Conservatory &#8211;\u00a0Concert hall,\u00a0Dvo\u0159\u00e1kovo n\u00e1b\u0159. 2\u00a0 (map)Competition of solists\u00a0Announcement of results during the day&hellip; <\/p>\n","protected":false},"author":1,"featured_media":0,"parent":0,"menu_order":0,"comment_status":"closed","ping_status":"closed","template":"","meta":{"footnotes":""},"class_list":["post-343","page","type-page","status-publish","hentry"],"_links":{"self":[{"href":"https:\/\/www.accordion.cz\/index.php?rest_route=\/wp\/v2\/pages\/343"}],"collection":[{"href":"https:\/\/www.accordion.cz\/index.php?rest_route=\/wp\/v2\/pages"}],"about":[{"href":"https:\/\/www.accordion.cz\/index.php?rest_route=\/wp\/v2\/types\/page"}],"author":[{"embeddable":true,"href":"https:\/\/www.accordion.cz\/index.php?rest_route=\/wp\/v2\/users\/1"}],"replies":[{"embeddable":true,"href":"https:\/\/www.accordion.cz\/index.php?rest_route=%2Fwp%2Fv2%2Fcomments&post=343"}],"version-history":[{"count":107,"href":"https:\/\/www.accordion.cz\/index.php?rest_route=\/wp\/v2\/pages\/343\/revisions"}],"predecessor-version":[{"id":4931,"href":"https:\/\/www.accordion.cz\/index.php?rest_route=\/wp\/v2\/pages\/343\/revisions\/4931"}],"wp:attachment":[{"href":"https:\/\/www.accordion.cz\/index.php?rest_route=%2Fwp%2Fv2%2Fmedia&parent=343"}],"curies":[{"name":"wp","href":"https:\/\/api.w.org\/{rel}","templated":true}]}}