{"id":3427,"date":"2022-09-27T06:50:58","date_gmt":"2022-09-27T05:50:58","guid":{"rendered":"https:\/\/www.accordion.cz\/?page_id=3427"},"modified":"2022-10-31T15:38:11","modified_gmt":"2022-10-31T14:38:11","slug":"teilnehmern-2022","status":"publish","type":"page","link":"https:\/\/www.accordion.cz\/?page_id=3427&lang=de","title":{"rendered":"ERGEBNISSE 2022"},"content":{"rendered":"\n<p><a href=\"https:\/\/www.accordion.cz\/wp-content\/uploads\/2022\/10\/PK_Mezinarodni-akordeonove-dny-v-Praze_A5_2022_002-1.pdf\">Festivalkatalog zum Download<\/a><\/p>\n\n\n\n<p><a href=\"https:\/\/www.accordion.cz\/wp-content\/uploads\/2022\/10\/PODROBNEVYSLEDKY.pdf\">Detaillierte Ergebnisse k\u00f6nnen hier heruntergeladen werden<\/a><br><\/p>\n\n\n\n<p><strong>KATEGORIE \/\nCATEGORY 0.<\/strong><\/p>\n\n\n\n<table class=\"wp-block-table\"><tbody><tr><td>\n  <strong>1.<\/strong>\n  <\/td><td>\n  <strong>Kristi\u00e1n<\/strong>\n  <\/td><td>\n  <strong>\u010cam\u00e1k<\/strong>\n  <\/td><td>\n  <strong>22,54<\/strong>\n  <\/td><td>\n  <strong>Zlat\u00e9 \/ Golden<\/strong>\n  <\/td><\/tr><tr><td>\n  2.\n  <\/td><td>\n  L\u00edvia\n  <\/td><td>\n  Hud\u00e1kov\u00e1\n  <\/td><td>\n  20,76\n  <\/td><td>\n  St\u0159\u00edbrn\u00e9 \/ Silver\n  <\/td><\/tr><tr><td>\n  3.\n  <\/td><td>\n  Edmund\n  <\/td><td>\n  Grec\n  <\/td><td>\n  19,76\n  <\/td><td>\n  St\u0159\u00edbrn\u00e9 \/ Silver\n  <\/td><\/tr><tr><td>\n  4.\n  <\/td><td>\n  Gr\u00e9ta \n  <\/td><td>\n  \u010celjuska\n  <\/td><td>\n  18,4\n  <\/td><td>\n  St\u0159\u00edbrn\u00e9 \/ Silver\n  <\/td><\/tr><tr><td>\n  5.\n  <\/td><td>\n  Am\u00e1lie\n  <\/td><td>\n  Jura\u010dkov\u00e1\n  <\/td><td>\n  16,5\n  <\/td><td>\n  St\u0159\u00edbrn\u00e9 \/ Silver\n  <\/td><\/tr><\/tbody><\/table>\n\n\n\n<p><strong>KATEGORIE \/\nCATEGORY I.<\/strong><\/p>\n\n\n\n<table class=\"wp-block-table\"><tbody><tr><td>\n  <strong>1.<\/strong>\n  <\/td><td>\n  <strong>Luka<\/strong>\n  <\/td><td>\n  <strong>Djordjevi\u0107<\/strong>\n  <\/td><td>\n  <strong>22,82<\/strong>\n  <\/td><td>\n  <strong>Zlat\u00e9 \/ Golden<\/strong>\n  <\/td><\/tr><tr><td>\n  2.\n  <\/td><td>\n  Eveline\n  <\/td><td>\n  Chv\u00edlov\u00e1\n  <\/td><td>\n  22\n  <\/td><td>\n  Zlat\u00e9 \/ Golden\n  <\/td><\/tr><tr><td>\n  3.\n  <\/td><td>\n  Liliana \n  <\/td><td>\n  Chovancov\u00e1\n  <\/td><td>\n  21,44\n  <\/td><td>\n  Zlat\u00e9 \/ Golden\n  <\/td><\/tr><tr><td>\n  4.\n  <\/td><td>\n  Bohumil\n  <\/td><td>\n  \u010cerm\u00e1k\n  <\/td><td>\n  21,14\n  <\/td><td>\n  Zlat\u00e9 \/ Golden\n  <\/td><\/tr><tr><td>\n  5.\n  <\/td><td>\n  Barbora\n  <\/td><td>\n  B\u0159ezinov\u00e1\n  <\/td><td>\n  19,3\n  <\/td><td>\n  St\u0159\u00edbrn\u00e9 \/ Silver\n  <\/td><\/tr><tr><td>\n  6.\n  <\/td><td>\n  Oliver\n  <\/td><td>\n  Celjuska\n  <\/td><td>\n  18,46\n  <\/td><td>\n  St\u0159\u00edbrn\u00e9 \/ Silver\n  <\/td><\/tr><tr><td>\n  7.\n  <\/td><td>\n  Jovana\n  <\/td><td>\n  Hru\u0161kov\u00e1\n  <\/td><td>\n  18,2\n  <\/td><td>\n  St\u0159\u00edbrn\u00e9 \/ Silver\n  <\/td><\/tr><tr><td>\n  8.\n  <\/td><td>\n  Daniel\n  <\/td><td>\n  Koci\u00e1n\n  <\/td><td>\n  18\n  <\/td><td>\n  St\u0159\u00edbrn\u00e9 \/ Silver\n  <\/td><\/tr><\/tbody><\/table>\n\n\n\n<p><strong>KATEGORIE \/\nCATEGORY II.<\/strong><\/p>\n\n\n\n<table class=\"wp-block-table\"><tbody><tr><td>\n  <strong>1.<\/strong>\n  <\/td><td>\n  <strong>Jaroslav<\/strong>\n  <\/td><td>\n  <strong>Pokuta<\/strong>\n  <\/td><td>\n  <strong>24<\/strong>\n  <\/td><td>\n  <strong>Zlat\u00e9 \/ Golden<\/strong>\n  <\/td><\/tr><tr><td>\n  2.\n  <\/td><td>\n  Tereza \n  <\/td><td>\n  Chalupov\u00e1\n  <\/td><td>\n  23,1\n  <\/td><td>\n  Zlat\u00e9 \/ Golden\n  <\/td><\/tr><tr><td>\n  3.\n  <\/td><td>\n  \u0160imon \n  <\/td><td>\n  Bla\u0161ko\n  <\/td><td>\n  22,74\n  <\/td><td>\n  Zlat\u00e9 \/ Golden\n  <\/td><\/tr><tr><td>\n  4.\n  <\/td><td>\n  Dora\n  <\/td><td>\n  Smolkovi\u0107\n  <\/td><td>\n  22,22\n  <\/td><td>\n  Zlat\u00e9 \/ Golden\n  <\/td><\/tr><tr><td>\n  5.\n  <\/td><td>\n  Ane\u017eka \n  <\/td><td>\n  Veletov\u00e1\n  <\/td><td>\n  21,68\n  <\/td><td>\n  Zlat\u00e9 \/ Golden\n  <\/td><\/tr><tr><td>\n  6.\n  <\/td><td>\n  Eli\u0161ka\n  <\/td><td>\n  \u0160karydov\u00e1\n  <\/td><td>\n  21,24\n  <\/td><td>\n  Zlat\u00e9 \/ Golden\n  <\/td><\/tr><tr><td>\n  7.\n  <\/td><td>\n  Sofie\n  <\/td><td>\n  Mlejnkov\u00e1\n  <\/td><td>\n  20,82\n  <\/td><td>\n  St\u0159\u00edbrn\u00e9 \/ Silver\n  <\/td><\/tr><tr><td>\n  8.\n  <\/td><td>\n  \u0160t\u011bp\u00e1n\n  <\/td><td>\n  Troj\u00e1k\n  <\/td><td>\n  20,74\n  <\/td><td>\n  St\u0159\u00edbrn\u00e9 \/ Silver\n  <\/td><\/tr><tr><td>\n  9.\n  <\/td><td>\n  Nikol \n  <\/td><td>\n  \u010cern\u00edkov\u00e1\n  <\/td><td>\n  20,1\n  <\/td><td>\n  St\u0159\u00edbrn\u00e9 \/ Silver\n  <\/td><\/tr><tr><td>\n  10.\n  <\/td><td>\n  Dario\n  <\/td><td>\n  Tovilovic\n  <\/td><td>\n  19,6\n  <\/td><td>\n  St\u0159\u00edbrn\u00e9 \/ Silver\n  <\/td><\/tr><tr><td>\n  11.\n  <\/td><td>\n  Ema\n  <\/td><td>\n  Dost\u00e1lov\u00e1\n  <\/td><td>\n  18,2\n  <\/td><td>\n  St\u0159\u00edbrn\u00e9 \/ Silver\n  <\/td><\/tr><tr><td>\n  12.\n  <\/td><td>\n  Michaela\n  <\/td><td>\n  Vlachov\u00e1\n  <\/td><td>\n  17,5\n  <\/td><td>\n  St\u0159\u00edbrn\u00e9 \/ Silver\n  <\/td><\/tr><tr><td>\n  13.\n  <\/td><td>\n  Johana\n  <\/td><td>\n  Grecov\u00e1\n  <\/td><td>\n  16,5\n  <\/td><td>\n  St\u0159\u00edbrn\u00e9 \/ Silver\n  <\/td><\/tr><\/tbody><\/table>\n\n\n\n<p><strong>KATEGORIE \/\nCATEGORY III.<\/strong><\/p>\n\n\n\n<table class=\"wp-block-table\"><tbody><tr><td>\n  <strong>1.<\/strong>\n  <\/td><td>\n  <strong>Djordje <\/strong>\n  <\/td><td>\n  <strong>Peric<\/strong>\n  <\/td><td>\n  <strong>23,4<\/strong>\n  <\/td><td>\n  <strong>Zlat\u00e9 \/ Golden<\/strong><strong><\/strong>\n  <\/td><\/tr><tr><td>\n  2.\n  <\/td><td>\n  Johanka\n  <\/td><td>\n  Juklov\u00e1\n  <\/td><td>\n  22,94\n  <\/td><td>\n  Zlat\u00e9 \/ Golden\n  <\/td><\/tr><tr><td>\n  3.\n  <\/td><td>\n  Peter\n  <\/td><td>\n  Sokol\n  <\/td><td>\n  22,64\n  <\/td><td>\n  Zlat\u00e9 \/ Golden\n  <\/td><\/tr><tr><td>\n  4.\n  <\/td><td>\n  Daniela \n  <\/td><td>\n  V\u00e1\u0148ov\u00e1\n  <\/td><td>\n  22,28\n  <\/td><td>\n  Zlat\u00e9 \/ Golden\n  <\/td><\/tr><tr><td>\n  5.\n  <\/td><td>\n  Martin\n  <\/td><td>\n  Chodl\n  <\/td><td>\n  21,66\n  <\/td><td>\n  Zlat\u00e9 \/ Golden\n  <\/td><\/tr><tr><td>\n  6.\n  <\/td><td>\n  Michal\n  <\/td><td>\n  Seman\u010d\u00edk\n  <\/td><td>\n  21,4\n  <\/td><td>\n  Zlat\u00e9 \/ Golden\n  <\/td><\/tr><tr><td>\n  7.\n  <\/td><td>\n  Filip \n  <\/td><td>\n  Jozef\u00edk\n  <\/td><td>\n  20,84\n  <\/td><td>\n  St\u0159\u00edbrn\u00e9 \/ Silver\n  <\/td><\/tr><tr><td>\n  8.\n  <\/td><td>\n  Maja\n  <\/td><td>\n  Py\u015bk\n  <\/td><td>\n  20,52\n  <\/td><td>\n  St\u0159\u00edbrn\u00e9 \/ Silver\n  <\/td><\/tr><tr><td>\n  9.\n  <\/td><td>\n  Jan\n  <\/td><td>\n  V\u00e0\u0148a\n  <\/td><td>\n  20,36\n  <\/td><td>\n  St\u0159\u00edbrn\u00e9 \/ Silver\n  <\/td><\/tr><tr><td>\n  10.\n  <\/td><td>\n  Matou\u0161\n  <\/td><td>\n  Vesel\u00fd\n  <\/td><td>\n  20,1\n  <\/td><td>\n  St\u0159\u00edbrn\u00e9 \/ Silver \n  <\/td><\/tr><tr><td>\n  11.\n  <\/td><td>\n  Tom\u00e1\u0161\n  <\/td><td>\n  Tuscher\n  <\/td><td>\n  19,62\n  <\/td><td>\n  St\u0159\u00edbrn\u00e9 \/ Silver\n  <\/td><\/tr><tr><td>\n  12.\n  <\/td><td>\n  Eli\u0161ka\n  <\/td><td>\n  Ko\u0165arov\u00e1\n  <\/td><td>\n  18,3\n  <\/td><td>\n  St\u0159\u00edbrn\u00e9 \/ Silver\n  <\/td><\/tr><tr><td>\n  13.\n  <\/td><td>\n  Adam Maria\n  <\/td><td>\n  Chlud\n  <\/td><td>\n  17\n  <\/td><td>\n  St\u0159\u00edbrn\u00e9 \/ Silver\n  <\/td><\/tr><\/tbody><\/table>\n\n\n\n<p><strong>KATEGORIE \/\nCATEGORY IV.<\/strong><\/p>\n\n\n\n<table class=\"wp-block-table\"><tbody><tr><td>\n  <strong>1<\/strong>\n  <\/td><td>\n  <strong>Daniela<\/strong><strong><\/strong>\n  <\/td><td>\n  <strong>Hol\u00e1<\/strong><strong><\/strong>\n  <\/td><td>\n  <strong>23,26<\/strong>\n  <\/td><td>\n  <strong>Zlat\u00e9 \/ Golden<\/strong><strong><\/strong>\n  <\/td><\/tr><tr><td>\n  2\n  <\/td><td>\n  Ivan\n  <\/td><td>\n  Smolkovi\u010d\n  <\/td><td>\n  22,58\n  <\/td><td>\n  Zlat\u00e9 \/ Golden\n  <\/td><\/tr><tr><td>\n  3\n  <\/td><td>\n  Tade\u00e1\u0161 \n  <\/td><td>\n  Mr\u00e1zek\n  <\/td><td>\n  22,38\n  <\/td><td>\n  Zlat\u00e9 \/ Golden\n  <\/td><\/tr><tr><td>\n  4\n  <\/td><td>\n  Pavol\n  <\/td><td>\n  Hasin\n  <\/td><td>\n  22,06\n  <\/td><td>\n  Zlat\u00e9 \/ Golden\n  <\/td><\/tr><tr><td>\n  5\n  <\/td><td>\n  Liliana\n  <\/td><td>\n  Ber\u00e1nkov\u00e1\n  <\/td><td>\n  21,12\n  <\/td><td>\n  Zlat\u00e9 \/ Golden\n  <\/td><\/tr><tr><td>\n  6\n  <\/td><td>\n  Nikodem\n  <\/td><td>\n  Dru\u017cy\u0144ski\n  <\/td><td>\n  20,34\n  <\/td><td>\n  St\u0159\u00edbrn\u00e9 \/ Silver\n  <\/td><\/tr><tr><td>\n  7\n  <\/td><td>\n  Sebasti\u00e1n\n  <\/td><td>\n  Va\u0161kovi\u010d\n  <\/td><td>\n  20,34\n  <\/td><td>\n  St\u0159\u00edbrn\u00e9 \/ Silver\n  <\/td><\/tr><tr><td>\n  8\n  <\/td><td>\n  Jana\n  <\/td><td>\n  Vlachov\u00e1\n  <\/td><td>\n  18,8\n  <\/td><td>\n  St\u0159\u00edbrn\u00e9 \/ Silver\n  <\/td><\/tr><\/tbody><\/table>\n\n\n\n<p><strong>KATEGORIE \/\nCATEGORY V.<\/strong><\/p>\n\n\n\n<table class=\"wp-block-table\"><tbody><tr><td>\n  <strong>1.<\/strong>\n  <\/td><td>\n  <strong>Jan<\/strong><strong><\/strong>\n  <\/td><td>\n  <strong>\u0160vejda<\/strong><strong><\/strong>\n  <\/td><td>\n  <strong>23,48<\/strong>\n  <\/td><td>\n  <strong>Zlat\u00e9 \/ Golden<\/strong>\n  <\/td><\/tr><tr><td>\n  2.\n  <\/td><td>\n  Marie\n  <\/td><td>\n  Jablonsk\u00e1\n  <\/td><td>\n  23,26\n  <\/td><td>\n  Zlat\u00e9 \/ Golden\n  <\/td><\/tr><tr><td>\n  3.\n  <\/td><td>\n  Michaela \n  <\/td><td>\n  \u0160r\u00e1mkov\u00e1\n  <\/td><td>\n  22,66\n  <\/td><td>\n  Zlat\u00e9 \/ Golden\n  <\/td><\/tr><tr><td>\n  4.\n  <\/td><td>\n  S\u00e1ra\n  <\/td><td>\n  Sokolov\u00e1\n  <\/td><td>\n  22,64\n  <\/td><td>\n  Zlat\u00e9 \/ Golden\n  <\/td><\/tr><tr><td>\n  5.\n  <\/td><td>\n  \u0160pela\n  <\/td><td>\n  \u0160emrl\n  <\/td><td>\n  22,55\n  <\/td><td>\n  Zlat\u00e9 \/ Golden\n  <\/td><\/tr><tr><td>\n  6.\n  <\/td><td>\n  Marie\n  <\/td><td>\n  Z\u00e1vodsk\u00e1\n  <\/td><td>\n  22,5\n  <\/td><td>\n  Zlat\u00e9 \/ Golden\n  <\/td><\/tr><tr><td>\n  7.\n  <\/td><td>\n  Kristina\n  <\/td><td>\n  Veletov\u00e1\n  <\/td><td>\n  21,1\n  <\/td><td>\n  Zlat\u00e9 \/ Golden\n  <\/td><\/tr><tr><td>\n  8.\n  <\/td><td>\n  Bela\n  <\/td><td>\n  Brichzin\n  <\/td><td>\n  21,02\n  <\/td><td>\n  Zlat\u00e9 \/ Golden\n  <\/td><\/tr><tr><td>\n  9.\n  <\/td><td>\n  Jan Kai\n  <\/td><td>\n  Marek\n  <\/td><td>\n  20,78\n  <\/td><td>\n  St\u0159\u00edbrn\u00e9 \/ Silver\n  <\/td><\/tr><tr><td>\n  10.\n  <\/td><td>\n  Dominik\n  <\/td><td>\n  Bradshaw\n  <\/td><td>\n  20,55\n  <\/td><td>\n  St\u0159\u00edbrn\u00e9 \/ Silver\n  <\/td><\/tr><tr><td>\n  11.\n  <\/td><td>\n  \u0160t\u011bp\u00e1nka \n  <\/td><td>\n  \u010cerm\u00e1kov\u00e1\n  <\/td><td>\n  20,15\n  <\/td><td>\n  St\u0159\u00edbrn\u00e9 \/ Silver\n  <\/td><\/tr><tr><td>\n  12.\n  <\/td><td>\n  Kry\u0161tof\n  <\/td><td>\n  B\u0159ezina\n  <\/td><td>\n  20,1\n  <\/td><td>\n  St\u0159\u00edbrn\u00e9 \/ Silver\n  <\/td><\/tr><tr><td>\n  13.\n  <\/td><td>\n  Al\u017eb\u011bta\n  <\/td><td>\n  Hegrov\u00e1\n  <\/td><td>\n  18,5\n  <\/td><td>\n  St\u0159\u00edbrn\u00e9 \/ Silver\n  <\/td><\/tr><tr><td>\n  14.\n  <\/td><td>\n  Sasha\n  <\/td><td>\n  Vanbreuseghem\n  <\/td><td>\n  18\n  <\/td><td>\n  St\u0159\u00edbrn\u00e9 \/ Silver\n  <\/td><\/tr><\/tbody><\/table>\n\n\n\n<p><strong>KATEGORIE \/\nCATEGORY VI.<\/strong><\/p>\n\n\n\n<table class=\"wp-block-table\"><tbody><tr><td>\n  <strong>1.<\/strong>\n  <\/td><td>\n  <strong>M\u00e1rio Geca\u0161ek<\/strong>\n  <\/td><td>\n  <strong>22,9<\/strong>\n  <\/td><\/tr><tr><td>\n  2.\n  <\/td><td>\n  Jure Pavli\u010d\n  <\/td><td>\n  22,71\n  <\/td><\/tr><tr><td>\n  3.\n  <\/td><td>\n  Romain Vercleyen\n  <\/td><td>\n  22,7\n  <\/td><\/tr><tr><td>\n  4.\n  <\/td><td>\n  Andrea \u0160ulcov\u00e1\n  <\/td><td>\n  21,9\n  <\/td><\/tr><tr><td>\n  5.\n  <\/td><td>\n  Emil Jablonsk\u00fd\n  <\/td><td>\n  20,6\n  <\/td><\/tr><tr><td>\n  6.\n  <\/td><td>\n  Anna Svr\u010dinov\u00e1\n  <\/td><td>\n  19,8\n  <\/td><\/tr><\/tbody><\/table>\n\n\n\n<p><strong>KATEGORIE \/\nCATEGORY VII.<\/strong><\/p>\n\n\n\n<table class=\"wp-block-table\"><tbody><tr><td>\n  <strong>1.<\/strong>\n  <\/td><td>\n  <strong>Martin Kot<\/strong>\n  <\/td><td>\n  24<strong><\/strong>\n  <\/td><\/tr><tr><td>\n  2.\n  <\/td><td>\n  Martin \u0160ulc\n  <\/td><td>\n  23,77\n  <\/td><\/tr><tr><td>\n  3.\n  <\/td><td>\n  Hana Koskov\u00e1\n  <\/td><td>\n  22,99\n  <\/td><\/tr><\/tbody><\/table>\n\n\n\n<p><strong>KATEGORIE \/\nCATEGORY VIII.<\/strong><\/p>\n\n\n\n<table class=\"wp-block-table\"><tbody><tr><td>\n  <strong>1.<\/strong>\n  <\/td><td>\n  <strong>5:AM duo ZU\u0160 Bojnice<\/strong><strong><\/strong>\n  <\/td><td>\n  <strong>22,8<\/strong><strong><\/strong>\n  <\/td><td><strong>Zlat\u00e9 \/ Golden <\/strong>   <\/td><\/tr><tr><td>\n  <strong>2.<\/strong>\n  <\/td><td>\n  Esso duo Gliwice<strong><\/strong>\n  <\/td><td>\n  22,64<strong><\/strong>\n  <\/td><td>\n  Zlat\u00e9 \/ Golden<strong><\/strong>\n  <\/td><\/tr><tr><td>\n  <strong>3.<\/strong>\n  <\/td><td>   Duo dal cuore ZU\u0160 F. Pi\u0161ingera <\/td><td>\n  21,4<strong><\/strong>\n  <\/td><td>\n  Zlat\u00e9 \/ Golde<strong><\/strong>\n  <\/td><\/tr><tr><td>\n  <strong>4.<\/strong>\n  <\/td><td>Duo &#8211; Kratochv\u00edlov\u00e1 &#8211;&nbsp; B\u0159ezina <br>SZU\u0160 \u0160kola pro radost   <\/td><td>\n  19,3<strong><\/strong>\n  <\/td><td>\n  St\u0159\u00edbrn\u00e9 \/ Silver<strong><\/strong>\n  <\/td><\/tr><\/tbody><\/table>\n\n\n\n<p><strong>KATEGORIE \/\nCATEGORY XI.<\/strong><\/p>\n\n\n\n<table class=\"wp-block-table\"><tbody><tr><td>\n  <strong>1.<\/strong>\n  <\/td><td>\n  <strong>Magic Akkordeon<\/strong>\n  <\/td><td>\n  <strong>22,44<\/strong>\n  <\/td><td>\n  Zlat\u00e9 \/ Golden <strong><\/strong>\n  <\/td><\/tr><\/tbody><\/table>\n\n\n\n<p><strong>KATEGORIE \/\nCATEGORY XII.<\/strong><\/p>\n\n\n\n<table class=\"wp-block-table\"><tbody><tr><td>\n  <strong>1.<\/strong>\n  <\/td><td>\n  <strong>POHODA Havl\u00ed\u010dk\u016fv Brod <\/strong>\n  <\/td><td>\n  <strong>22,84<\/strong>\n  <\/td><td>\n  Zlat\u00e9 \/ Golden <strong><\/strong>\n  <\/td><\/tr><\/tbody><\/table>\n","protected":false},"excerpt":{"rendered":"<p>Festivalkatalog zum Download Detaillierte Ergebnisse k\u00f6nnen hier heruntergeladen werden KATEGORIE \/ CATEGORY 0. 1. Kristi\u00e1n \u010cam\u00e1k 22,54 Zlat\u00e9 \/ Golden 2. L\u00edvia Hud\u00e1kov\u00e1 20,76 St\u0159\u00edbrn\u00e9 \/ Silver 3. Edmund Grec 19,76 St\u0159\u00edbrn\u00e9 \/ Silver 4. Gr\u00e9ta \u010celjuska 18,4 St\u0159\u00edbrn\u00e9 \/&hellip; <\/p>\n","protected":false},"author":2,"featured_media":0,"parent":0,"menu_order":0,"comment_status":"closed","ping_status":"closed","template":"","meta":{"footnotes":""},"class_list":["post-3427","page","type-page","status-publish","hentry"],"_links":{"self":[{"href":"https:\/\/www.accordion.cz\/index.php?rest_route=\/wp\/v2\/pages\/3427"}],"collection":[{"href":"https:\/\/www.accordion.cz\/index.php?rest_route=\/wp\/v2\/pages"}],"about":[{"href":"https:\/\/www.accordion.cz\/index.php?rest_route=\/wp\/v2\/types\/page"}],"author":[{"embeddable":true,"href":"https:\/\/www.accordion.cz\/index.php?rest_route=\/wp\/v2\/users\/2"}],"replies":[{"embeddable":true,"href":"https:\/\/www.accordion.cz\/index.php?rest_route=%2Fwp%2Fv2%2Fcomments&post=3427"}],"version-history":[{"count":8,"href":"https:\/\/www.accordion.cz\/index.php?rest_route=\/wp\/v2\/pages\/3427\/revisions"}],"predecessor-version":[{"id":3526,"href":"https:\/\/www.accordion.cz\/index.php?rest_route=\/wp\/v2\/pages\/3427\/revisions\/3526"}],"wp:attachment":[{"href":"https:\/\/www.accordion.cz\/index.php?rest_route=%2Fwp%2Fv2%2Fmedia&parent=3427"}],"curies":[{"name":"wp","href":"https:\/\/api.w.org\/{rel}","templated":true}]}}