{"id":2419,"date":"2021-09-26T08:21:19","date_gmt":"2021-09-26T07:21:19","guid":{"rendered":"https:\/\/www.accordion.cz\/?page_id=2419"},"modified":"2021-09-30T08:17:27","modified_gmt":"2021-09-30T07:17:27","slug":"competition-2021","status":"publish","type":"page","link":"https:\/\/www.accordion.cz\/?page_id=2419&lang=en","title":{"rendered":"COMPETITION 2021"},"content":{"rendered":"\n<p> The order was determined alphabitically from the drawn letter M<\/p>\n\n\n\n<h4 class=\"wp-block-heading\">29. 10. 9:00 &#8211; 18:30             Categories 0. &#8211; IV.<\/h4>\n\n\n\n<p><strong>Category O.<\/strong><\/p>\n\n\n\n<table class=\"wp-block-table\"><tbody><tr><td>\n  1.\n  <\/td><td>\n  Barbora\n  <\/td><td>\n  B\u0159ezinov\u00e1\n  <\/td><td>\n  CZ\n  <\/td><\/tr><tr><td>\n  2.\n  <\/td><td>\n  Oliver \n  <\/td><td>\n  \u010celjuska\n  <\/td><td>\n  CZ\n  <\/td><\/tr><tr><td>\n  3.\n  <\/td><td>\n  Bohumil \n  <\/td><td>\n  \u010cerm\u00e1k\n  <\/td><td>\n  CZ\n  <\/td><\/tr><tr><td>\n  4.\n  <\/td><td>\n  Edmund\n  <\/td><td>\n  Grec \n  <\/td><td>\n  CZ\n  <\/td><\/tr><\/tbody><\/table>\n\n\n\n<p><strong>Category I. <\/strong><\/p>\n\n\n\n<table class=\"wp-block-table\"><tbody><tr><td>\n  1.&nbsp;\n  <\/td><td>\n  \u0160imon\n  <\/td><td>\n  Bla\u0161ko\n  <\/td><td>\n  CZ\n  <\/td><\/tr><tr><td>\n  2.\n  <\/td><td>\n  Nikol \n  <\/td><td>\n  \u010cern\u00edkov\u00e1\n  <\/td><td>\n  CZ\n  <\/td><\/tr><tr><td>\n  3.\n  <\/td><td>\n  Johana\n  <\/td><td>\n  Grecov\u00e1\n  <\/td><td>\n  CZ\n  <\/td><\/tr><tr><td>\n  4.\n  <\/td><td>\n  Jovana\n  <\/td><td>\n  Hru\u0161kov\u00e1\n  <\/td><td>\n  CZ\n  <\/td><\/tr><tr><td>\n  5.\n  <\/td><td>\n  Dorota\n  <\/td><td>\n  Chalupn\u00edkov\u00e1\n  <\/td><td>\n  CZ\n  <\/td><\/tr><tr><td>\n  6.\n  <\/td><td>\n  Eveline\n  <\/td><td>\n  Chv\u00edlov\u00e1\n  <\/td><td>\n  SK\n  <\/td><\/tr><tr><td>\n  7.\n  <\/td><td>\n  Max\n  <\/td><td>\n  Landgraf\n  <\/td><td>\n  DE\n  <\/td><\/tr><tr><td>\n  8.\n  <\/td><td>\n  Sofie\n  <\/td><td>\n  Mlejnkov\u00e1\n  <\/td><td>\n  CZ\n  <\/td><\/tr><tr><td>\n  9.\n  <\/td><td>\n  Jaroslav\n  <\/td><td>\n  Pokuta\n  <\/td><td>\n  CZ\n  <\/td><\/tr><tr><td>\n  10.\n  <\/td><td>\n  Nela \n  <\/td><td>\n  Tkadlecov\u00e1\n  <\/td><td>\n  SK\n  <\/td><\/tr><\/tbody><\/table>\n\n\n\n<p><strong>Category II.<\/strong><\/p>\n\n\n\n<table class=\"wp-block-table\"><tbody><tr><td>\n  1.&nbsp;\n  <\/td><td>\n  Eli\u0161ka \n  <\/td><td>\n  Mikulov\u00e1\n  <\/td><td>\n  CZ\n  <\/td><\/tr><tr><td>\n  &nbsp;2.\n  <\/td><td>\n  Amos \n  <\/td><td>\n  Renke\n  <\/td><td>\n  DE\n  <\/td><\/tr><tr><td>\n  &nbsp;3.\n  <\/td><td>\n  Eli\u0161ka \n  <\/td><td>\n  \u0160karydov\u00e1\n  <\/td><td>\n  CZ\n  <\/td><\/tr><tr><td>\n  &nbsp;4.\n  <\/td><td>\n  Nikol\n  <\/td><td>\n  \u0160nebergerova\n  <\/td><td>\n  CZ\n  <\/td><\/tr><tr><td>\n  &nbsp;5.\n  <\/td><td>\n  Tom\u00e1\u0161 \n  <\/td><td>\n  Tuscher\n  <\/td><td>\n  CZ\n  <\/td><\/tr><tr><td>\n  &nbsp;6.\n  <\/td><td>\n  Ane\u017eka \n  <\/td><td>\n  Veletov\u00e1\n  <\/td><td>\n  CZ\n  <\/td><\/tr><tr><td>\n  &nbsp;7.\n  <\/td><td>\n  Timotej\n  <\/td><td>\n  Gerhard\n  <\/td><td>\n  SK\n  <\/td><\/tr><tr><td>\n  &nbsp;8.\n  <\/td><td>\n  Tereza \n  <\/td><td>\n  Chalupov\u00e1\n  <\/td><td>\n  CZ\n  <\/td><\/tr><\/tbody><\/table>\n\n\n\n<p><strong>Category III.<\/strong><\/p>\n\n\n\n<table class=\"wp-block-table\"><tbody><tr><td>\n  1.&nbsp;\n  <\/td><td>\n  Tade\u00e1\u0161\n  <\/td><td>\n  Mr\u00e1zek\n  <\/td><td>\n  CZ\n  <\/td><\/tr><tr><td>\n  &nbsp;2.\n  <\/td><td>\n  Mihajlo\n  <\/td><td>\n  Obradovic\n  <\/td><td>\n  DE\n  <\/td><\/tr><tr><td>\n  &nbsp;3.\n  <\/td><td>\n  Hubert\n  <\/td><td>\n  Pol\u00e1\u010dek\n  <\/td><td>\n  CZ\n  <\/td><\/tr><tr><td>\n  &nbsp;4.\n  <\/td><td>\n  Viktor\n  <\/td><td>\n  Stocker\n  <\/td><td>\n  CZ\n  <\/td><\/tr><tr><td>\n  &nbsp;5.\n  <\/td><td>\n  Daniel \n  <\/td><td>\n  \u0160tika\n  <\/td><td>\n  CZ\n  <\/td><\/tr><tr><td>\n  &nbsp;6.\n  <\/td><td>\n  Barbora\n  <\/td><td>\n  \u0160vecov\u00e1\n  <\/td><td>\n  CZ\n  <\/td><\/tr><tr><td>\n  &nbsp;7.\n  <\/td><td>\n  Daniela\n  <\/td><td>\n  V\u00e1\u0148ov\u00e1\n  <\/td><td>\n  CZ\n  <\/td><\/tr><tr><td>\n  &nbsp;8.\n  <\/td><td>\n  Matou\u0161\n  <\/td><td>\n  Vesel\u00fd\n  <\/td><td>\n  CZ\n  <\/td><\/tr><tr><td>\n  9.&nbsp;\n  <\/td><td>\n  Liliana\n  <\/td><td>\n  Ber\u00e1nkov\u00e1\n  <\/td><td>\n  CZ\n  <\/td><\/tr><tr><td>\n  10.\n  <\/td><td>\n  Pavol\n  <\/td><td>\n  Hasin\n  <\/td><td>\n  SK\n  <\/td><\/tr><tr><td>\n  11.\n  <\/td><td>\n  Bennet\n  <\/td><td>\n  Hein\n  <\/td><td>\n  DE\n  <\/td><\/tr><tr><td>\n  12.\n  <\/td><td>\n  Marek \n  <\/td><td>\n  Hol\u00ednec\n  <\/td><td>\n  SK\n  <\/td><\/tr><tr><td>\n  13.\n  <\/td><td>\n  Filip \n  <\/td><td>\n  Josef\u00edk\n  <\/td><td>\n  SK\n  <\/td><\/tr><tr><td>\n  14.&nbsp;\n  <\/td><td>\n  Johana \n  <\/td><td>\n  Juklov\u00e1\n  <\/td><td>\n  CZ\n  <\/td><\/tr><tr><td>\n  15.&nbsp;\n  <\/td><td>\n  Markiian\n  <\/td><td>\n  Levytskyi\n  <\/td><td>\n  UA\n  <\/td><\/tr><\/tbody><\/table>\n\n\n\n<p><strong>Category IV.<\/strong><\/p>\n\n\n\n<table class=\"wp-block-table\"><tbody><tr><td>\n  1.\n  <\/td><td>\n  Denys \n  <\/td><td>\n  Pankiv\n  <\/td><td>\n  UA\n  <\/td><\/tr><tr><td>\n  &nbsp;2.\n  <\/td><td>\n  Roman\n  <\/td><td>\n  Papiernik\n  <\/td><td>\n  SK\n  <\/td><\/tr><tr><td>\n  &nbsp;3.\n  <\/td><td>\n  Oleksandr\n  <\/td><td>\n  Semko\n  <\/td><td>\n  UA\n  <\/td><\/tr><tr><td>\n  &nbsp;4.\n  <\/td><td>\n  Jan \n  <\/td><td>\n  \u0160vejda\n  <\/td><td>\n  CZ\n  <\/td><\/tr><tr><td>\n  &nbsp;5.\n  <\/td><td>\n  Kristina \n  <\/td><td>\n  Veletov\u00e1\n  <\/td><td>\n  CZ\n  <\/td><\/tr><tr><td>\n  &nbsp;6.\n  <\/td><td>\n  Jana\n  <\/td><td>\n  Vlachov\u00e1\n  <\/td><td>\n  CZ\n  <\/td><\/tr><tr><td>\n  &nbsp;7.\n  <\/td><td>\n  Marie \n  <\/td><td>\n  Z\u00e1vodsk\u00e1\n  <\/td><td>\n  CZ\n  <\/td><\/tr><tr><td>\n  &nbsp;8.\n  <\/td><td>\n  V\u00e1clav \n  <\/td><td>\n  Bastl\n  <\/td><td>\n  CZ\n  <\/td><\/tr><tr><td>\n  &nbsp;9.\n  <\/td><td>\n  Marie Ester\n  <\/td><td>\n  Jablonsk\u00e1\n  <\/td><td>\n  CZ\n  <\/td><\/tr><tr><td>\n  10.\n  <\/td><td>\n  Krist\u00edna\n  <\/td><td>\n  Le\u0161kov\u00e1\n  <\/td><td>\n  SK\n  <\/td><\/tr><\/tbody><\/table>\n\n\n\n<h4 class=\"wp-block-heading\">30. 10. 9:00 Categories V.  &#8211; XII.<\/h4>\n\n\n\n<p><strong>Category V.<\/strong><\/p>\n\n\n\n<table class=\"wp-block-table\"><tbody><tr><td>\n  1.\n  <\/td><td>\n  Jan Kai\n  <\/td><td>\n  Marek\n  <\/td><td>\n  CZ\n  <\/td><\/tr><tr><td>\n  2.\n  <\/td><td>\n  Ihor\n  <\/td><td>\n  Pankiv\n  <\/td><td>\n  UA\n  <\/td><\/tr><tr><td>\n  &nbsp;3.\n  <\/td><td>\n  Hugo\n  <\/td><td>\n  Puli\u0161\n  <\/td><td>\n  SK\n  <\/td><\/tr><tr><td>\n  &nbsp;4.\n  <\/td><td>\n  Volodymyr\n  <\/td><td>\n  Sochko\n  <\/td><td>\n  UA\n  <\/td><\/tr><tr><td>\n  &nbsp;5.\n  <\/td><td>\n  Anna \n  <\/td><td>\n  Svr\u010dinov\u00e1\n  <\/td><td>\n  CZ\n  <\/td><\/tr><tr><td>\n  &nbsp;6.\n  <\/td><td>\n  Michaela \n  <\/td><td>\n  \u0160r\u00e1mkov\u00e1\n  <\/td><td>\n  CZ\n  <\/td><\/tr><tr><td>\n  &nbsp;7.\n  <\/td><td>\n  Andrea\n  <\/td><td>\n  \u0160ulcov\u00e1\n  <\/td><td>\n  CZ\n  <\/td><\/tr><tr><td>\n  &nbsp;8.\n  <\/td><td>\n  David\n  <\/td><td>\n  Brandt\n  <\/td><td>\n  CZ\n  <\/td><\/tr><tr><td>\n  9.&nbsp;\n  <\/td><td>\n  \u0160t\u011bp\u00e1nka \n  <\/td><td>\n  \u010cerm\u00e1nkov\u00e1\n  <\/td><td>\n  CZ\n  <\/td><\/tr><tr><td>\n  10.&nbsp;\n  <\/td><td>\n  M\u00e1rio\n  <\/td><td>\n  Geca\u0161ek\n  <\/td><td>\n  SK\n  <\/td><\/tr><tr><td>\n  11.\n  <\/td><td>\n  Aneta\n  <\/td><td>\n  Glattov\u00e1\n  <\/td><td>\n  CZ\n  <\/td><\/tr><tr><td>\n  12.\n  <\/td><td>\n  Al\u017eb\u011bta\n  <\/td><td>\n  Hegrov\u00e1\n  <\/td><td>\n  CZ\n  <\/td><\/tr><tr><td>\n  13.\n  <\/td><td>\n  Bohdan\n  <\/td><td>\n  Kolodii\n  <\/td><td>\n  UA\n  <\/td><\/tr><\/tbody><\/table>\n\n\n\n<p><strong>Category VI.<\/strong><\/p>\n\n\n\n<table class=\"wp-block-table\"><tbody><tr><td>\n  1.\n  <\/td><td>\n  Hana \n  <\/td><td>\n  Mat\u011bjkov\u00e1\n  <\/td><td>\n  CZ\n  <\/td><\/tr><tr><td>\n  &nbsp;2.\n  <\/td><td>\n  Mihails\n  <\/td><td>\n  Olehovs\n  <\/td><td>\n  LV\n  <\/td><\/tr><tr><td>\n  &nbsp;3.\n  <\/td><td>\n  Martin \n  <\/td><td>\n  \u0160ulc\n  <\/td><td>\n  CZ\n  <\/td><\/tr><tr><td>\n  &nbsp;4.\n  <\/td><td>\n  Anna \n  <\/td><td>\n  Zaj\u00ed\u010dkov\u00e1\n  <\/td><td>\n  CZ\n  <\/td><\/tr><tr><td>\n  &nbsp;5.\n  <\/td><td>\n  Antonio\n  <\/td><td>\n  Del Castillo\n  <\/td><td>\n  DE\n  <\/td><\/tr><\/tbody><\/table>\n\n\n\n<p><strong>Category VII.<\/strong><\/p>\n\n\n\n<table class=\"wp-block-table\"><tbody><tr><td>\n  1. &nbsp;\n  <\/td><td>\n  Hana \n  <\/td><td>\n  Koskov\u00e1\n  <\/td><td>\n  CZ\n  <\/td><\/tr><tr><td>\n  2. &nbsp;\n  <\/td><td>\n  Martin \n  <\/td><td>\n  Kot\n  <\/td><td>\n  CZ\n  <\/td><\/tr><tr><td>\n  3.\n  <\/td><td>\n  Filip \n  <\/td><td>\n  Kratochv\u00edl\n  <\/td><td>\n  CZ\n  <\/td><\/tr><\/tbody><\/table>\n\n\n\n<p><strong>Category VIII.<\/strong><\/p>\n\n\n\n<table class=\"wp-block-table\"><tbody><tr><td>1.  <\/td><td>\n  Duo dal cuore\n  <\/td><td>ZU\u0160 F. Pi\u0161ingera Trhov\u00e9 Sviny   <\/td><td>   CZ    <\/td><\/tr><tr><td>2.   &nbsp;   <\/td><td>\n  Trio Jablon\u0161t\u00ed\n  <\/td><td>Pra\u017esk\u00e1 Konzervato\u0159   <\/td><td>   CZ    <\/td><\/tr><tr><td>3. &nbsp;   <\/td><td>Duo Mat\u011bjkov\u00e1 &#8211; Breuerov\u00e1        <\/td><td>ZU\u0160 T. Brzkov\u00e9, Plze\u0148   <\/td><td>\n  CZ\n  <\/td><\/tr><\/tbody><\/table>\n\n\n\n<p><strong>Category XII. <\/strong><br><br>         <strong>POHODA Havl\u00ed\u010dk\u016fv Brod<\/strong>         CZ<\/p>\n\n\n<p><!--EndFragment--><\/p>\n<p><\/p>","protected":false},"excerpt":{"rendered":"<p>The order was determined alphabitically from the drawn letter M 29. 10. 9:00 &#8211; 18:30 Categories 0. &#8211; IV. Category O. 1. Barbora B\u0159ezinov\u00e1 CZ 2. Oliver \u010celjuska CZ 3. Bohumil \u010cerm\u00e1k CZ 4. Edmund Grec CZ Category I. 1.&nbsp;&hellip; <\/p>\n","protected":false},"author":2,"featured_media":0,"parent":0,"menu_order":0,"comment_status":"closed","ping_status":"closed","template":"","meta":{"footnotes":""},"class_list":["post-2419","page","type-page","status-publish","hentry"],"_links":{"self":[{"href":"https:\/\/www.accordion.cz\/index.php?rest_route=\/wp\/v2\/pages\/2419"}],"collection":[{"href":"https:\/\/www.accordion.cz\/index.php?rest_route=\/wp\/v2\/pages"}],"about":[{"href":"https:\/\/www.accordion.cz\/index.php?rest_route=\/wp\/v2\/types\/page"}],"author":[{"embeddable":true,"href":"https:\/\/www.accordion.cz\/index.php?rest_route=\/wp\/v2\/users\/2"}],"replies":[{"embeddable":true,"href":"https:\/\/www.accordion.cz\/index.php?rest_route=%2Fwp%2Fv2%2Fcomments&post=2419"}],"version-history":[{"count":4,"href":"https:\/\/www.accordion.cz\/index.php?rest_route=\/wp\/v2\/pages\/2419\/revisions"}],"predecessor-version":[{"id":2489,"href":"https:\/\/www.accordion.cz\/index.php?rest_route=\/wp\/v2\/pages\/2419\/revisions\/2489"}],"wp:attachment":[{"href":"https:\/\/www.accordion.cz\/index.php?rest_route=%2Fwp%2Fv2%2Fmedia&parent=2419"}],"curies":[{"name":"wp","href":"https:\/\/api.w.org\/{rel}","templated":true}]}}