{"id":24,"date":"2015-05-24T17:39:50","date_gmt":"2015-05-24T16:39:50","guid":{"rendered":"http:\/\/www.accordion.cz\/?page_id=24"},"modified":"2021-09-29T10:04:42","modified_gmt":"2021-09-29T09:04:42","slug":"kontakt","status":"publish","type":"page","link":"https:\/\/www.accordion.cz\/?page_id=24&lang=cs","title":{"rendered":"kontakt"},"content":{"rendered":"<p><a href=\"http:\/\/www.accordion.cz\/wp-content\/uploads\/2015\/05\/CTA-Logo.png\"><img loading=\"lazy\" decoding=\"async\" class=\" wp-image-46 alignleft\" src=\"http:\/\/www.accordion.cz\/wp-content\/uploads\/2015\/05\/CTA-Logo.png\" alt=\"CTA Logo\" width=\"93\" height=\"126\" \/><\/a>Agentura CTA<\/p>\n<p>Na H\u00e1jku 2456\/6, 18000 Praha 8<br \/>\nPetra Sko\u0159epov\u00e1 &#8211; +420 775 320 423<br \/>\n<a href=\"mailto: cta@iol.cz\">e-mail: cta@iol.cz<\/a><br \/>\n<a href=\"http:\/\/www.accordion.cz\">www.accordion.cz<\/a><\/p>\n<p>\u010d\u00edslo \u00fa\u010dtu:\u00a043-4856410267\/0100<\/p>\n<hr \/>\n<h4>napi\u0161te n\u00e1m&#8230;<\/h4>\n\n<div class=\"wpcf7 no-js\" id=\"wpcf7-f240-o1\" lang=\"cs-CZ\" dir=\"ltr\" data-wpcf7-id=\"240\">\n<div class=\"screen-reader-response\"><p role=\"status\" aria-live=\"polite\" aria-atomic=\"true\"><\/p> <ul><\/ul><\/div>\n<form action=\"\/index.php?rest_route=%2Fwp%2Fv2%2Fpages%2F24#wpcf7-f240-o1\" method=\"post\" class=\"wpcf7-form init\" aria-label=\"Kontaktn\u00ed formul\u00e1\u0159\" novalidate=\"novalidate\" data-status=\"init\">\n<div style=\"display: none;\">\n<input type=\"hidden\" name=\"_wpcf7\" value=\"240\" \/>\n<input type=\"hidden\" name=\"_wpcf7_version\" value=\"6.0.6\" \/>\n<input type=\"hidden\" name=\"_wpcf7_locale\" value=\"cs_CZ\" \/>\n<input type=\"hidden\" name=\"_wpcf7_unit_tag\" value=\"wpcf7-f240-o1\" \/>\n<input type=\"hidden\" name=\"_wpcf7_container_post\" value=\"0\" \/>\n<input type=\"hidden\" name=\"_wpcf7_posted_data_hash\" value=\"\" \/>\n<\/div>\n<p>Va\u0161e jm\u00e9no (*)\n<\/p>\n<p><span class=\"wpcf7-form-control-wrap\" data-name=\"your-name\"><input size=\"40\" maxlength=\"400\" class=\"wpcf7-form-control wpcf7-text wpcf7-validates-as-required\" aria-required=\"true\" aria-invalid=\"false\" value=\"\" type=\"text\" name=\"your-name\" \/><\/span>\n<\/p>\n<p>V\u00e1\u0161 email (*)\n<\/p>\n<p><span class=\"wpcf7-form-control-wrap\" data-name=\"your-email\"><input size=\"40\" maxlength=\"400\" class=\"wpcf7-form-control wpcf7-email wpcf7-validates-as-required wpcf7-text wpcf7-validates-as-email\" aria-required=\"true\" aria-invalid=\"false\" value=\"\" type=\"email\" name=\"your-email\" \/><\/span>\n<\/p>\n<p>P\u0159edm\u011bt\n<\/p>\n<p><span class=\"wpcf7-form-control-wrap\" data-name=\"your-subject\"><input size=\"40\" maxlength=\"400\" class=\"wpcf7-form-control wpcf7-text\" aria-invalid=\"false\" value=\"\" type=\"text\" name=\"your-subject\" \/><\/span>\n<\/p>\n<p>Va\u0161e zpr\u00e1va\n<\/p>\n<p><span class=\"wpcf7-form-control-wrap\" data-name=\"your-message\"><textarea cols=\"40\" rows=\"10\" maxlength=\"2000\" class=\"wpcf7-form-control wpcf7-textarea\" aria-invalid=\"false\" name=\"your-message\"><\/textarea><\/span>\n<\/p>\n<p>[wpgdprc \"Vypln\u011bn\u00edm tohoto formul\u00e1\u0159e a odesl\u00e1n\u00edm souhlas\u00edte s uchov\u00e1n\u00edm a pou\u017eit\u00edm zadan\u00fdch informac\u00ed.\"]\n<\/p>\n<p><input class=\"wpcf7-form-control wpcf7-submit has-spinner\" type=\"submit\" value=\"Odeslat\" \/>\n<\/p><p style=\"display: none !important;\" class=\"akismet-fields-container\" data-prefix=\"_wpcf7_ak_\"><label>&#916;<textarea name=\"_wpcf7_ak_hp_textarea\" cols=\"45\" rows=\"8\" maxlength=\"100\"><\/textarea><\/label><input type=\"hidden\" id=\"ak_js_1\" name=\"_wpcf7_ak_js\" value=\"33\"\/><script>document.getElementById( \"ak_js_1\" ).setAttribute( \"value\", ( new Date() ).getTime() );<\/script><\/p><div class=\"wpcf7-response-output\" aria-hidden=\"true\"><\/div>\n<\/form>\n<\/div>\n\n","protected":false},"excerpt":{"rendered":"<p>Agentura CTA Na H\u00e1jku 2456\/6, 18000 Praha 8 Petra Sko\u0159epov\u00e1 &#8211; +420 775 320 423 e-mail: cta@iol.cz www.accordion.cz \u010d\u00edslo \u00fa\u010dtu:\u00a043-4856410267\/0100 napi\u0161te n\u00e1m&#8230;<\/p>\n","protected":false},"author":1,"featured_media":0,"parent":0,"menu_order":0,"comment_status":"closed","ping_status":"closed","template":"","meta":{"footnotes":""},"class_list":["post-24","page","type-page","status-publish","hentry"],"_links":{"self":[{"href":"https:\/\/www.accordion.cz\/index.php?rest_route=\/wp\/v2\/pages\/24"}],"collection":[{"href":"https:\/\/www.accordion.cz\/index.php?rest_route=\/wp\/v2\/pages"}],"about":[{"href":"https:\/\/www.accordion.cz\/index.php?rest_route=\/wp\/v2\/types\/page"}],"author":[{"embeddable":true,"href":"https:\/\/www.accordion.cz\/index.php?rest_route=\/wp\/v2\/users\/1"}],"replies":[{"embeddable":true,"href":"https:\/\/www.accordion.cz\/index.php?rest_route=%2Fwp%2Fv2%2Fcomments&post=24"}],"version-history":[{"count":13,"href":"https:\/\/www.accordion.cz\/index.php?rest_route=\/wp\/v2\/pages\/24\/revisions"}],"predecessor-version":[{"id":2484,"href":"https:\/\/www.accordion.cz\/index.php?rest_route=\/wp\/v2\/pages\/24\/revisions\/2484"}],"wp:attachment":[{"href":"https:\/\/www.accordion.cz\/index.php?rest_route=%2Fwp%2Fv2%2Fmedia&parent=24"}],"curies":[{"name":"wp","href":"https:\/\/api.w.org\/{rel}","templated":true}]}}