{"id":1707,"date":"2018-10-22T12:46:32","date_gmt":"2018-10-22T11:46:32","guid":{"rendered":"http:\/\/www.accordion.cz\/?page_id=1707"},"modified":"2019-01-14T14:23:04","modified_gmt":"2019-01-14T13:23:04","slug":"teilnehmern-2018-2","status":"publish","type":"page","link":"https:\/\/www.accordion.cz\/?page_id=1707&lang=de","title":{"rendered":"ERGEBNISSE 2018"},"content":{"rendered":"<p><a href=\"http:\/\/www.accordion.cz\/wp-content\/uploads\/2018\/10\/PODROBN\u00c9-V\u00ddSLEDKY.pdf\">DETAILED RESULTS pdf.<\/a><\/p>\n<p>Prager Konservatorium, Dvo\u0159\u00e1kovo n\u00e1b\u0159. 2, Prag 1<\/p>\n<table width=\"428\">\n<tbody>\n<tr>\n<td colspan=\"5\" width=\"428\"><strong>Kategorie \/ Category 0.<\/strong><\/td>\n<\/tr>\n<tr>\n<td width=\"61\">1<\/td>\n<td width=\"120\">Tereza<\/td>\n<td width=\"132\">Chalupov\u00e1<\/td>\n<td width=\"51\">CZ<\/td>\n<td width=\"64\">9,00<\/td>\n<\/tr>\n<tr>\n<td width=\"61\">2<\/td>\n<td width=\"120\">Sofie<\/td>\n<td width=\"132\">Mlejnkov\u00e1<\/td>\n<td width=\"51\">CZ<\/td>\n<td width=\"64\">9,05<\/td>\n<\/tr>\n<tr>\n<td width=\"61\">3<\/td>\n<td width=\"120\">Maty\u00e1\u0161<\/td>\n<td width=\"132\">Sedm\u00edk<\/td>\n<td width=\"51\">CZ<\/td>\n<td width=\"64\">9,10<\/td>\n<\/tr>\n<tr>\n<td width=\"61\">4<\/td>\n<td width=\"120\">Ane\u017eka<\/td>\n<td width=\"132\">Veletov\u00e1<\/td>\n<td width=\"51\">CZ<\/td>\n<td width=\"64\">9,15<\/td>\n<\/tr>\n<tr>\n<td colspan=\"5\" width=\"428\"><strong>Kategorie \/ Category I.<\/strong><\/td>\n<\/tr>\n<tr>\n<td width=\"61\">1<\/td>\n<td width=\"120\">Ond\u0159ej<\/td>\n<td width=\"132\">Chalupa<\/td>\n<td width=\"51\">CZ<\/td>\n<td width=\"64\">9,20<\/td>\n<\/tr>\n<tr>\n<td width=\"61\">2<\/td>\n<td width=\"120\">Johanka<\/td>\n<td width=\"132\">Juklov\u00e1<\/td>\n<td width=\"51\">CZ<\/td>\n<td width=\"64\">9,25<\/td>\n<\/tr>\n<tr>\n<td width=\"61\">3<\/td>\n<td width=\"120\">Eli\u0161ka<\/td>\n<td width=\"132\">Ko\u0165arov\u00e1<\/td>\n<td width=\"51\">CZ<\/td>\n<td width=\"64\">9,30<\/td>\n<\/tr>\n<tr>\n<td width=\"61\">4<\/td>\n<td width=\"120\">Nina<\/td>\n<td width=\"132\">Mahlov\u00e1<\/td>\n<td width=\"51\">CZ<\/td>\n<td width=\"64\">9,40<\/td>\n<\/tr>\n<tr>\n<td width=\"61\">5<\/td>\n<td width=\"120\">Kasper<\/td>\n<td width=\"132\">Niczyporuk<\/td>\n<td width=\"51\">PL<\/td>\n<td width=\"64\">9,50<\/td>\n<\/tr>\n<tr>\n<td width=\"61\">6<\/td>\n<td width=\"120\">Peter<\/td>\n<td width=\"132\">Sokol<\/td>\n<td width=\"51\">SK<\/td>\n<td width=\"64\">9,55<\/td>\n<\/tr>\n<tr>\n<td width=\"61\">7<\/td>\n<td width=\"120\">Viktor<\/td>\n<td width=\"132\">Stocker<\/td>\n<td width=\"51\">CZ<\/td>\n<td width=\"64\">10,00<\/td>\n<\/tr>\n<tr>\n<td width=\"61\">8<\/td>\n<td width=\"120\">Daniela<\/td>\n<td width=\"132\">V\u00e1\u0148ov\u00e1<\/td>\n<td width=\"51\">CZ<\/td>\n<td width=\"64\">10,05<\/td>\n<\/tr>\n<tr>\n<td colspan=\"5\" width=\"428\"><strong>Kategorie \/ Category II.<\/strong><\/td>\n<\/tr>\n<tr>\n<td width=\"61\">1<\/td>\n<td width=\"120\">Lazar<\/td>\n<td width=\"132\">Bajic<\/td>\n<td width=\"51\">BA<\/td>\n<td width=\"64\">10,30<\/td>\n<\/tr>\n<tr>\n<td width=\"61\">2<\/td>\n<td width=\"120\">Liliana<\/td>\n<td width=\"132\">Ber\u00e1nkov\u00e1<\/td>\n<td width=\"51\">CZ<\/td>\n<td width=\"64\">10,35<\/td>\n<\/tr>\n<tr>\n<td width=\"61\">3<\/td>\n<td width=\"120\">Am\u00e9lie<\/td>\n<td width=\"132\">Gromb\u00ed\u0159ov\u00e1<\/td>\n<td width=\"51\">CZ<\/td>\n<td width=\"64\">10,40<\/td>\n<\/tr>\n<tr>\n<td width=\"61\">4<\/td>\n<td width=\"120\">Daniela<\/td>\n<td width=\"132\">Hol\u00e1<\/td>\n<td width=\"51\">CZ<\/td>\n<td width=\"64\">10,45<\/td>\n<\/tr>\n<tr>\n<td width=\"61\">5<\/td>\n<td width=\"120\">Marek<\/td>\n<td width=\"132\">Hol\u00ednec<\/td>\n<td width=\"51\">SK<\/td>\n<td width=\"64\">10,50<\/td>\n<\/tr>\n<tr>\n<td width=\"61\">6<\/td>\n<td width=\"120\">Em\u00edlie<\/td>\n<td width=\"132\">Hrd\u00e1<\/td>\n<td width=\"51\">CZ<\/td>\n<td width=\"64\">10,55<\/td>\n<\/tr>\n<tr>\n<td width=\"61\">7<\/td>\n<td width=\"120\">Edward<\/td>\n<td width=\"132\">Irinasson<\/td>\n<td width=\"51\">SE<\/td>\n<td width=\"64\">11,00<\/td>\n<\/tr>\n<tr>\n<td width=\"61\">8<\/td>\n<td width=\"120\">Ema<\/td>\n<td width=\"132\">Ka\u0161parov\u00e1<\/td>\n<td width=\"51\">CZ<\/td>\n<td width=\"64\">11,05<\/td>\n<\/tr>\n<tr>\n<td width=\"61\">9<\/td>\n<td width=\"120\">Tade\u00e1\u0161<\/td>\n<td width=\"132\">Mr\u00e1zek<\/td>\n<td width=\"51\">CZ<\/td>\n<td width=\"64\">11,10<\/td>\n<\/tr>\n<tr>\n<td width=\"61\">10<\/td>\n<td width=\"120\">Ili\u0107<\/td>\n<td width=\"132\">Sava<\/td>\n<td width=\"51\">SR<\/td>\n<td width=\"64\">11,15<\/td>\n<\/tr>\n<tr>\n<td width=\"61\">11<\/td>\n<td width=\"120\">Kristupas<\/td>\n<td width=\"132\">\u0160tabokas<\/td>\n<td width=\"51\">LT<\/td>\n<td width=\"64\">11,20<\/td>\n<\/tr>\n<tr>\n<td width=\"61\">12<\/td>\n<td width=\"120\">Bernardas<\/td>\n<td width=\"132\">\u0160varplys<\/td>\n<td width=\"51\">LT<\/td>\n<td width=\"64\">11,25<\/td>\n<\/tr>\n<tr>\n<td width=\"61\">13<\/td>\n<td width=\"120\">Jana<\/td>\n<td width=\"132\">Vlachov\u00e1<\/td>\n<td width=\"51\">CZ<\/td>\n<td width=\"64\">11,30<\/td>\n<\/tr>\n<tr>\n<td width=\"61\">14<\/td>\n<td width=\"120\">Bart\u0142omiej<\/td>\n<td width=\"132\">Wide\u0142ka<\/td>\n<td width=\"51\">PL<\/td>\n<td width=\"64\">11,35<\/td>\n<\/tr>\n<tr>\n<td width=\"61\">15<\/td>\n<td width=\"120\">Petra<\/td>\n<td width=\"132\">Zaj\u00ed\u010dkov\u00e1<\/td>\n<td width=\"51\">CZ<\/td>\n<td width=\"64\">11,40<\/td>\n<\/tr>\n<\/tbody>\n<\/table>\n<p>&nbsp;<\/p>\n<table width=\"435\">\n<tbody>\n<tr>\n<td colspan=\"5\" width=\"435\"><strong>Kategorie \/ Category III.<\/strong><\/td>\n<\/tr>\n<tr>\n<td width=\"68\">1<\/td>\n<td width=\"113\">Kry\u0161tof<\/td>\n<td width=\"144\">Bajus<\/td>\n<td width=\"46\">SK<\/td>\n<td width=\"64\">12,30<\/td>\n<\/tr>\n<tr>\n<td width=\"68\">2<\/td>\n<td width=\"113\">V\u00e1clav<\/td>\n<td width=\"144\">Bastl<\/td>\n<td width=\"46\">CZ<\/td>\n<td width=\"64\">12,36<\/td>\n<\/tr>\n<tr>\n<td width=\"68\">3<\/td>\n<td width=\"113\">Dominik<\/td>\n<td width=\"144\">Bradshaw<\/td>\n<td width=\"46\">CZ<\/td>\n<td width=\"64\">12,42<\/td>\n<\/tr>\n<tr>\n<td width=\"68\">4<\/td>\n<td width=\"113\">\u0160t\u011bp\u00e1nka<\/td>\n<td width=\"144\">\u010cerm\u00e1kov\u00e1<\/td>\n<td width=\"46\">CZ<\/td>\n<td width=\"64\">12,50<\/td>\n<\/tr>\n<tr>\n<td width=\"68\">5<\/td>\n<td width=\"113\">Dawid<\/td>\n<td width=\"144\">Deja<\/td>\n<td width=\"46\">PL<\/td>\n<td width=\"64\">12,56<\/td>\n<\/tr>\n<tr>\n<td width=\"68\">6<\/td>\n<td width=\"113\">Petr<\/td>\n<td width=\"144\">Gabriel<\/td>\n<td width=\"46\">CZ<\/td>\n<td width=\"64\">13,02<\/td>\n<\/tr>\n<tr>\n<td width=\"68\">7<\/td>\n<td width=\"113\">Al\u017eb\u011bta<\/td>\n<td width=\"144\">Hegrov\u00e1<\/td>\n<td width=\"46\">CZ<\/td>\n<td width=\"64\">13,07<\/td>\n<\/tr>\n<tr>\n<td width=\"68\">8<\/td>\n<td width=\"113\">Filip<\/td>\n<td width=\"144\">Hradil<\/td>\n<td width=\"46\">CZ<\/td>\n<td width=\"64\">13,14<\/td>\n<\/tr>\n<tr>\n<td width=\"68\">9<\/td>\n<td width=\"113\">Kamil\u0117<\/td>\n<td width=\"144\">Korabliovait\u0117<\/td>\n<td width=\"46\">LT<\/td>\n<td width=\"64\">13,20<\/td>\n<\/tr>\n<tr>\n<td width=\"68\">10<\/td>\n<td width=\"113\">Malte<\/td>\n<td width=\"144\">Kvarnryd<\/td>\n<td width=\"46\">SE<\/td>\n<td width=\"64\">13,26<\/td>\n<\/tr>\n<tr>\n<td width=\"68\">11<\/td>\n<td width=\"113\">Eva<\/td>\n<td width=\"144\">Narauskait\u0117<\/td>\n<td width=\"46\">LT<\/td>\n<td width=\"64\">13,32<\/td>\n<\/tr>\n<tr>\n<td width=\"68\">12<\/td>\n<td width=\"113\">Filip<\/td>\n<td width=\"144\">Niczyporuk<\/td>\n<td width=\"46\">PL<\/td>\n<td width=\"64\">13,40<\/td>\n<\/tr>\n<tr>\n<td width=\"68\">13<\/td>\n<td width=\"113\">Michaela<\/td>\n<td width=\"144\">\u0160r\u00e1mkov\u00e1<\/td>\n<td width=\"46\">CZ<\/td>\n<td width=\"64\">13,46<\/td>\n<\/tr>\n<tr>\n<td width=\"68\">14<\/td>\n<td width=\"113\">Zita<\/td>\n<td width=\"144\">Toma<\/td>\n<td width=\"46\">LV<\/td>\n<td width=\"64\">13,52<\/td>\n<\/tr>\n<tr>\n<td width=\"68\">15<\/td>\n<td width=\"113\">Kristina<\/td>\n<td width=\"144\">Veletov\u00e1<\/td>\n<td width=\"46\">CZ<\/td>\n<td width=\"64\">14,00<\/td>\n<\/tr>\n<tr>\n<td width=\"68\">16<\/td>\n<td width=\"113\">Adam<\/td>\n<td width=\"144\">Veverka<\/td>\n<td width=\"46\">CZ<\/td>\n<td width=\"64\">14,06<\/td>\n<\/tr>\n<tr>\n<td width=\"68\">17<\/td>\n<td width=\"113\">\u017dygimantas<\/td>\n<td width=\"144\">Vy\u0161niauskas<\/td>\n<td width=\"46\">LT<\/td>\n<td width=\"64\">14,12<\/td>\n<\/tr>\n<tr>\n<td width=\"68\">18<\/td>\n<td width=\"113\">Marie<\/td>\n<td width=\"144\">Z\u00e1vodsk\u00e1<\/td>\n<td width=\"46\">CZ<\/td>\n<td width=\"64\">14,18<\/td>\n<\/tr>\n<tr>\n<td width=\"68\">19<\/td>\n<td width=\"113\">Gumru<\/td>\n<td width=\"144\">Ahundzada<\/td>\n<td width=\"46\">SE<\/td>\n<td width=\"64\">14,25<\/td>\n<\/tr>\n<\/tbody>\n<\/table>\n<p>&nbsp;<\/p>\n<p><strong>14,30\u00a0Announcement of results categories 0. \u2013 II.<\/strong><\/p>\n<table width=\"435\">\n<tbody>\n<tr>\n<td colspan=\"5\" width=\"435\"><strong>Kategorie \/ Category IV.<br \/>\n<\/strong><\/td>\n<\/tr>\n<tr>\n<td width=\"68\">1<\/td>\n<td width=\"113\">Kamil<\/td>\n<td width=\"144\">Borsuk<\/td>\n<td width=\"46\">PL<\/td>\n<td width=\"64\">15,00<\/td>\n<\/tr>\n<tr>\n<td width=\"68\">2<\/td>\n<td width=\"113\">Piet<\/td>\n<td width=\"144\">Daniels<\/td>\n<td width=\"46\">SE<\/td>\n<td width=\"64\">15,08<\/td>\n<\/tr>\n<tr>\n<td width=\"68\">3<\/td>\n<td width=\"113\">Gabriel\u0117<\/td>\n<td width=\"144\">Kunickait\u0117<\/td>\n<td width=\"46\">LT<\/td>\n<td width=\"64\">15,16<\/td>\n<\/tr>\n<tr>\n<td width=\"68\">4<\/td>\n<td width=\"113\">Leonid<\/td>\n<td width=\"144\">Muravjov<\/td>\n<td width=\"46\">SE<\/td>\n<td width=\"64\">15,24<\/td>\n<\/tr>\n<tr>\n<td width=\"68\">5<\/td>\n<td width=\"113\">Mihails<\/td>\n<td width=\"144\">Olehovs<\/td>\n<td width=\"46\">LV<\/td>\n<td width=\"64\">15,32<\/td>\n<\/tr>\n<tr>\n<td width=\"68\">6<\/td>\n<td width=\"113\">Aleksandar<\/td>\n<td width=\"144\">Pejovic<\/td>\n<td width=\"46\">SR<\/td>\n<td width=\"64\">15,40<\/td>\n<\/tr>\n<tr>\n<td width=\"68\">7<\/td>\n<td width=\"113\">Vojt\u011bch<\/td>\n<td width=\"144\">Pumpr<\/td>\n<td width=\"46\">CZ<\/td>\n<td width=\"64\">15,48<\/td>\n<\/tr>\n<tr>\n<td width=\"68\">8<\/td>\n<td width=\"113\">\u0141ukasz<\/td>\n<td width=\"144\">Skubisz<\/td>\n<td width=\"46\">PL<\/td>\n<td width=\"64\">15,56<\/td>\n<\/tr>\n<tr>\n<td width=\"68\">9<\/td>\n<td width=\"113\">Daniel<\/td>\n<td width=\"144\">Stasielak<\/td>\n<td width=\"46\">PL<\/td>\n<td width=\"64\">16,04<\/td>\n<\/tr>\n<tr>\n<td width=\"68\">10<\/td>\n<td width=\"113\">Anna<\/td>\n<td width=\"144\">Svr\u010dinov\u00e1<\/td>\n<td width=\"46\">CZ<\/td>\n<td width=\"64\">16,12<\/td>\n<\/tr>\n<tr>\n<td width=\"68\">11<\/td>\n<td width=\"113\">Andrea<\/td>\n<td width=\"144\">\u0160ulcov\u00e1<\/td>\n<td width=\"46\">CZ<\/td>\n<td width=\"64\">16,20<\/td>\n<\/tr>\n<tr>\n<td width=\"68\">12<\/td>\n<td width=\"113\">J\u00f3zef<\/td>\n<td width=\"144\">Waijdzik<\/td>\n<td width=\"46\">PL<\/td>\n<td width=\"64\">16,28<\/td>\n<\/tr>\n<tr>\n<td width=\"68\">13<\/td>\n<td width=\"113\">Anna<\/td>\n<td width=\"144\">Zaj\u00ed\u010dkov\u00e1<\/td>\n<td width=\"46\">CZ<\/td>\n<td width=\"64\">16,36<\/td>\n<\/tr>\n<\/tbody>\n<\/table>\n<p>18,00\u00a0<strong>Announcement of results categories III. \u2013 IV.<\/strong><\/p>\n<p><strong>\u00a0<\/strong><\/p>\n<p><strong>27. 10. Pra\u017esk\u00e1 konzervato\u0159 \u2013 koncertn\u00ed s\u00e1l, Dvo\u0159\u00e1kovo n\u00e1b\u0159. 2,\u00a0 Praha 1<\/strong><\/p>\n<p>&nbsp;<\/p>\n<table width=\"435\">\n<tbody>\n<tr>\n<td colspan=\"5\" width=\"435\"><strong>Kategorie \/ Category VII.<\/strong><\/td>\n<\/tr>\n<tr>\n<td width=\"68\">1<\/td>\n<td width=\"113\">Valeriia<\/td>\n<td width=\"144\">Khrushchovska<\/td>\n<td width=\"46\">UA<\/td>\n<td width=\"64\">9,00<\/td>\n<\/tr>\n<tr>\n<td width=\"68\">2<\/td>\n<td width=\"113\">Filip<\/td>\n<td width=\"144\">Kratochv\u00edl<\/td>\n<td width=\"46\">CZ<\/td>\n<td width=\"64\">9,10<\/td>\n<\/tr>\n<tr>\n<td width=\"68\">3<\/td>\n<td width=\"113\">Mirza<\/td>\n<td width=\"144\">Maguda<\/td>\n<td width=\"46\">BA<\/td>\n<td width=\"64\">9,20<\/td>\n<\/tr>\n<tr>\n<td width=\"68\">4<\/td>\n<td width=\"113\">J\u00falia<\/td>\n<td width=\"144\">Masnicov\u00e1<\/td>\n<td width=\"46\">SK<\/td>\n<td width=\"64\">9,30<\/td>\n<\/tr>\n<tr>\n<td colspan=\"5\" width=\"435\"><strong>Kategorie \/ Category V.<\/strong><\/td>\n<\/tr>\n<tr>\n<td width=\"68\">1<\/td>\n<td width=\"113\">Ognjen<\/td>\n<td width=\"144\">Gazdi\u0107<\/td>\n<td width=\"46\">BA<\/td>\n<td width=\"64\">9,45<\/td>\n<\/tr>\n<tr>\n<td width=\"68\">2<\/td>\n<td width=\"113\">Luk\u00e1\u0161<\/td>\n<td width=\"144\">Hart<\/td>\n<td width=\"46\">CZ<\/td>\n<td width=\"64\">9,57<\/td>\n<\/tr>\n<tr>\n<td width=\"68\">3<\/td>\n<td width=\"113\">Uriasz<\/td>\n<td width=\"144\">Kornel<\/td>\n<td width=\"46\">PL<\/td>\n<td width=\"64\">10,10<\/td>\n<\/tr>\n<tr>\n<td width=\"68\">4<\/td>\n<td width=\"113\">Martin<\/td>\n<td width=\"144\">Kot<\/td>\n<td width=\"46\">CZ<\/td>\n<td width=\"64\">10,22<\/td>\n<\/tr>\n<tr>\n<td width=\"68\">5<\/td>\n<td width=\"113\">Marek<\/td>\n<td width=\"144\">Mik\u00e1\u010d<\/td>\n<td width=\"46\">SK<\/td>\n<td width=\"64\">10,34<\/td>\n<\/tr>\n<tr>\n<td width=\"68\">6<\/td>\n<td width=\"113\">Eli\u0161ka<\/td>\n<td width=\"144\">Nimbursk\u00e1<\/td>\n<td width=\"46\">CZ<\/td>\n<td width=\"64\">10,46<\/td>\n<\/tr>\n<tr>\n<td width=\"68\">7<\/td>\n<td width=\"113\">Marcin<\/td>\n<td width=\"144\">Pajor<\/td>\n<td width=\"46\">PL<\/td>\n<td width=\"64\">11,00<\/td>\n<\/tr>\n<tr>\n<td width=\"68\">8<\/td>\n<td width=\"113\">Rebecca<\/td>\n<td width=\"144\">Pongs<\/td>\n<td width=\"46\">DE<\/td>\n<td width=\"64\">11,12<\/td>\n<\/tr>\n<tr>\n<td width=\"68\">9<\/td>\n<td width=\"113\">Nikodem<\/td>\n<td width=\"144\">Sobek<\/td>\n<td width=\"46\">PL<\/td>\n<td width=\"64\">11,24<\/td>\n<\/tr>\n<tr>\n<td width=\"68\">10<\/td>\n<td width=\"113\">Martin<\/td>\n<td width=\"144\">\u0160ulc<\/td>\n<td width=\"46\">CZ<\/td>\n<td width=\"64\">11,36<\/td>\n<\/tr>\n<tr>\n<td width=\"68\">11<\/td>\n<td width=\"113\">Marta Dawn<\/td>\n<td width=\"144\">Tich\u00e1<\/td>\n<td width=\"46\">CZ<\/td>\n<td width=\"64\">11,48<\/td>\n<\/tr>\n<tr>\n<td width=\"68\">12<\/td>\n<td width=\"113\">Aneta<\/td>\n<td width=\"144\">Volfov\u00e1<\/td>\n<td width=\"46\">CZ<\/td>\n<td width=\"64\">12,00<\/td>\n<\/tr>\n<tr>\n<td colspan=\"5\" width=\"435\"><strong>Kategorie \/ Category VI.<\/strong><\/td>\n<\/tr>\n<tr>\n<td width=\"68\">1<\/td>\n<td width=\"113\">Veronika<\/td>\n<td width=\"144\">Belancov\u00e1<\/td>\n<td width=\"46\">SK<\/td>\n<td width=\"64\">12,15<\/td>\n<\/tr>\n<tr>\n<td width=\"68\">2<\/td>\n<td width=\"113\">Nepomuk<\/td>\n<td width=\"144\">Golding<\/td>\n<td width=\"46\">DE<\/td>\n<td width=\"64\">12,30<\/td>\n<\/tr>\n<tr>\n<td width=\"68\">3<\/td>\n<td width=\"113\">Daniela<\/td>\n<td width=\"144\">Paterov\u00e1<\/td>\n<td width=\"46\">CZ<\/td>\n<td width=\"64\">12,45<\/td>\n<\/tr>\n<tr>\n<td width=\"68\">4<\/td>\n<td width=\"113\">Marco<\/td>\n<td width=\"144\">Plavcic<\/td>\n<td width=\"46\">BA<\/td>\n<td width=\"64\">13,00<\/td>\n<\/tr>\n<\/tbody>\n<\/table>\n<p>14,00\u00a0Presentation Scandalli<\/p>\n<table width=\"493\">\n<tbody>\n<tr>\n<td width=\"385\"><strong>Kategorie \/ Category VIII<\/strong><\/td>\n<td width=\"48\"><\/td>\n<td width=\"60\"><\/td>\n<\/tr>\n<tr>\n<td width=\"385\">Tarn\u00f3w Trio<\/td>\n<td width=\"48\">PL<\/td>\n<td width=\"60\">14,30<\/td>\n<\/tr>\n<tr>\n<td width=\"385\">Duo J. \u0160irok\u00fd x J. Sklen\u00e1\u0159 ZU\u0160 Bed\u0159icha Smetany Plze\u0148<\/td>\n<td width=\"48\">CZ<\/td>\n<td width=\"60\">14,45<\/td>\n<\/tr>\n<tr>\n<td width=\"385\">Duo Espresso Panstwowa Szkola Muzyczna I stopnia w Szczecinie<\/td>\n<td width=\"48\">PL<\/td>\n<td width=\"60\">15,00<\/td>\n<\/tr>\n<tr>\n<td width=\"385\">Duo D. Roman\u010d\u00e1k x S. Koz\u00e1k ZU\u0160 Trebi\u0161ov<\/td>\n<td width=\"48\">SK<\/td>\n<td width=\"60\">15,15<\/td>\n<\/tr>\n<tr>\n<td width=\"385\">Duo S. Lu\u010di\u0107 and O. Gazdi\u0107 East Sarajevo<\/td>\n<td width=\"48\">BA<\/td>\n<td width=\"60\">15,30<\/td>\n<\/tr>\n<tr>\n<td width=\"385\">Duo Duklia Zolochiv<\/td>\n<td width=\"48\">UA<\/td>\n<td width=\"60\">15,45<\/td>\n<\/tr>\n<tr>\n<td width=\"385\"><strong>Kategorie \/ Category IX.<\/strong><\/td>\n<td width=\"48\"><\/td>\n<td width=\"60\"><\/td>\n<\/tr>\n<tr>\n<td width=\"385\">Duo V. Danilovi\u0107 x M. Stojanovi\u0107 Banja Luka<\/td>\n<td width=\"48\">BA<\/td>\n<td width=\"60\">16,00<\/td>\n<\/tr>\n<tr>\n<td width=\"385\"><strong>Kategorie \/ Category XI<\/strong><\/td>\n<td width=\"48\"><\/td>\n<td width=\"60\"><\/td>\n<\/tr>\n<tr>\n<td width=\"385\">Akkordeonensemble &#8222;D\u00b4Akkord&#8220; Berlin<\/td>\n<td width=\"48\">DE<\/td>\n<td width=\"60\">16,15<\/td>\n<\/tr>\n<tr>\n<td width=\"385\">Tango Sexteto del Sur ZU\u0160 V\u00edt\u011bzslavy Kapr\u00e1lov\u00e9 Brno<\/td>\n<td width=\"48\">CZ<\/td>\n<td width=\"60\">16,30<\/td>\n<\/tr>\n<tr>\n<td width=\"385\"><strong>Kategorie \/ Category XII<\/strong><\/td>\n<td width=\"48\"><\/td>\n<td width=\"60\"><\/td>\n<\/tr>\n<tr>\n<td width=\"385\">Musica Harmonica ZU\u0160 \u010cerven\u00fd Kostelec a N\u00e1chod<\/td>\n<td width=\"48\">CZ<\/td>\n<td width=\"60\">17,00<\/td>\n<\/tr>\n<tr>\n<td width=\"385\">Melody Accordio Orchestra ZU\u0160 Senica<\/td>\n<td width=\"48\">SK<\/td>\n<td width=\"60\">17,20<\/td>\n<\/tr>\n<tr>\n<td width=\"385\">Spojen\u00fd akorde\u00f3nov\u00fd orchester Zu\u0161 Lipany a EP Jakubovany<\/td>\n<td width=\"48\">SK<\/td>\n<td width=\"60\">17,40<\/td>\n<\/tr>\n<tr>\n<td width=\"385\"><strong>Kategorie \/ Category XIII<\/strong><\/td>\n<td width=\"48\"><\/td>\n<td width=\"60\"><\/td>\n<\/tr>\n<tr>\n<td width=\"385\">Mols Accordeonensemble<\/td>\n<td width=\"48\">B<\/td>\n<td width=\"60\">18,00<\/td>\n<\/tr>\n<\/tbody>\n<\/table>\n<p>&nbsp;<\/p>\n<p>18,30\u00a02nd round 7th category<\/p>\n<p>20,00\u00a0Announcement of results<\/p>\n<p>&nbsp;<\/p>\n","protected":false},"excerpt":{"rendered":"<p>DETAILED RESULTS pdf. Prager Konservatorium, Dvo\u0159\u00e1kovo n\u00e1b\u0159. 2, Prag 1 Kategorie \/ Category 0. 1 Tereza Chalupov\u00e1 CZ 9,00 2 Sofie Mlejnkov\u00e1 CZ 9,05 3 Maty\u00e1\u0161 Sedm\u00edk CZ 9,10 4 Ane\u017eka Veletov\u00e1 CZ 9,15 Kategorie \/ Category I. 1 Ond\u0159ej&hellip; <\/p>\n","protected":false},"author":2,"featured_media":0,"parent":0,"menu_order":0,"comment_status":"closed","ping_status":"closed","template":"","meta":{"footnotes":""},"class_list":["post-1707","page","type-page","status-publish","hentry"],"_links":{"self":[{"href":"https:\/\/www.accordion.cz\/index.php?rest_route=\/wp\/v2\/pages\/1707"}],"collection":[{"href":"https:\/\/www.accordion.cz\/index.php?rest_route=\/wp\/v2\/pages"}],"about":[{"href":"https:\/\/www.accordion.cz\/index.php?rest_route=\/wp\/v2\/types\/page"}],"author":[{"embeddable":true,"href":"https:\/\/www.accordion.cz\/index.php?rest_route=\/wp\/v2\/users\/2"}],"replies":[{"embeddable":true,"href":"https:\/\/www.accordion.cz\/index.php?rest_route=%2Fwp%2Fv2%2Fcomments&post=1707"}],"version-history":[{"count":4,"href":"https:\/\/www.accordion.cz\/index.php?rest_route=\/wp\/v2\/pages\/1707\/revisions"}],"predecessor-version":[{"id":1745,"href":"https:\/\/www.accordion.cz\/index.php?rest_route=\/wp\/v2\/pages\/1707\/revisions\/1745"}],"wp:attachment":[{"href":"https:\/\/www.accordion.cz\/index.php?rest_route=%2Fwp%2Fv2%2Fmedia&parent=1707"}],"curies":[{"name":"wp","href":"https:\/\/api.w.org\/{rel}","templated":true}]}}