{"id":1660,"date":"2018-09-25T12:25:16","date_gmt":"2018-09-25T11:25:16","guid":{"rendered":"http:\/\/www.accordion.cz\/?page_id=1660"},"modified":"2018-10-30T13:26:45","modified_gmt":"2018-10-30T12:26:45","slug":"ucastnici-2018-2","status":"publish","type":"page","link":"https:\/\/www.accordion.cz\/?page_id=1660&lang=cs","title":{"rendered":"V\u00ddSLEDKY 2018"},"content":{"rendered":"<p><a href=\"http:\/\/www.accordion.cz\/wp-content\/uploads\/2018\/09\/PK_MAD-v-Praze_brozura_A5_2018_002_nahled.pdf\">Festivalov\u00fd katalog<\/a><\/p>\n<p><a href=\"http:\/\/www.accordion.cz\/wp-content\/uploads\/2018\/09\/PODROBN\u00c9-V\u00ddSLEDKY.pdf\">PODROBN\u00c9 V\u00ddSLEDKY<\/a>\u00a0v pdf.<\/p>\n<p>P\u00e1tek, 26. 10.<\/p>\n<p><strong>Pra\u017esk\u00e1 konzervato\u0159 \u2013 koncertn\u00ed s\u00e1l, Dvo\u0159\u00e1kovo n\u00e1b\u0159. 2, \u00a0Praha 1<\/strong><\/p>\n<p><strong>KATEGORIE \/ CATEGORY 0.<\/strong><\/p>\n<table width=\"463\">\n<tbody>\n<tr>\n<td width=\"37\">1.<\/td>\n<td width=\"76\">Sofie<\/td>\n<td width=\"104\">Mlejnkov\u00e1<\/td>\n<td width=\"51\">CZ<\/td>\n<td width=\"47\">21,8<\/td>\n<td width=\"147\">ZLAT\u00c9 \/ GOLDEN<\/td>\n<\/tr>\n<tr>\n<td width=\"37\">2.<\/td>\n<td width=\"76\">Ane\u017eka<\/td>\n<td width=\"104\">Veletov\u00e1<\/td>\n<td width=\"51\">CZ<\/td>\n<td width=\"47\">20,7<\/td>\n<td width=\"147\">ST\u0158\u00cdBRN\u00c9 \/ SILVER<\/td>\n<\/tr>\n<tr>\n<td width=\"37\">3.<\/td>\n<td width=\"76\">Maty\u00e1\u0161<\/td>\n<td width=\"104\">Sedm\u00edk<\/td>\n<td width=\"51\">CZ<\/td>\n<td width=\"47\">18,5<\/td>\n<td width=\"147\">ST\u0158\u00cdBRN\u00c9 \/ SILVER<\/td>\n<\/tr>\n<tr>\n<td width=\"37\">4.<\/td>\n<td width=\"76\">Tereza<\/td>\n<td width=\"104\">Chalupov\u00e1<\/td>\n<td width=\"51\">CZ<\/td>\n<td width=\"47\">18,3<\/td>\n<td width=\"147\">ST\u0158\u00cdBRN\u00c9 \/ SILVER<\/td>\n<\/tr>\n<\/tbody>\n<\/table>\n<p><strong>KATEGORIE \/ CATEGORY I.<\/strong><\/p>\n<table width=\"463\">\n<tbody>\n<tr>\n<td width=\"37\">1.<\/td>\n<td width=\"76\">Viktor<\/td>\n<td width=\"104\">Stocker<\/td>\n<td width=\"47\">CZ<\/td>\n<td width=\"47\">23,7<\/td>\n<td width=\"151\">ZLAT\u00c9 \/ GOLDEN<\/td>\n<\/tr>\n<tr>\n<td width=\"37\">2.<\/td>\n<td width=\"76\">Peter<\/td>\n<td width=\"104\">Sokol<\/td>\n<td width=\"47\">SK<\/td>\n<td width=\"47\">21,8<\/td>\n<td width=\"151\">ZLAT\u00c9 \/ GOLDEN<\/td>\n<\/tr>\n<tr>\n<td width=\"37\">3.<\/td>\n<td width=\"76\">Nina<\/td>\n<td width=\"104\">Mahlov\u00e1<\/td>\n<td width=\"47\">CZ<\/td>\n<td width=\"47\">21,7<\/td>\n<td width=\"151\">ZLAT\u00c9 \/ GOLDEN<\/td>\n<\/tr>\n<tr>\n<td width=\"37\">4.<\/td>\n<td width=\"76\">Kacper<\/td>\n<td width=\"104\">Niczyporuk<\/td>\n<td width=\"47\">PL<\/td>\n<td width=\"47\">21,7<\/td>\n<td width=\"151\">ZLAT\u00c9 \/ GOLDEN<\/td>\n<\/tr>\n<tr>\n<td width=\"37\">5.<\/td>\n<td width=\"76\">Ond\u0159ej<\/td>\n<td width=\"104\">Chalupa<\/td>\n<td width=\"47\">CZ<\/td>\n<td width=\"47\">20,7<\/td>\n<td width=\"151\">ST\u0158\u00cdBRN\u00c9 \/ SILVER<\/td>\n<\/tr>\n<tr>\n<td width=\"37\">6.<\/td>\n<td width=\"76\">Johanka<\/td>\n<td width=\"104\">Juklov\u00e1<\/td>\n<td width=\"47\">CZ<\/td>\n<td width=\"47\">20,6<\/td>\n<td width=\"151\">ST\u0158\u00cdBRN\u00c9 \/ SILVER<\/td>\n<\/tr>\n<tr>\n<td width=\"37\">7.<\/td>\n<td width=\"76\">Daniela<\/td>\n<td width=\"104\">V\u00e1\u0148ov\u00e1<\/td>\n<td width=\"47\">CZ<\/td>\n<td width=\"47\">20,5<\/td>\n<td width=\"151\">ST\u0158\u00cdBRN\u00c9 \/ SILVER<\/td>\n<\/tr>\n<tr>\n<td width=\"37\">8.<\/td>\n<td width=\"76\">Eli\u0161ka<\/td>\n<td width=\"104\">Ko\u0165arov\u00e1<\/td>\n<td width=\"47\">CZ<\/td>\n<td width=\"47\">20,2<\/td>\n<td width=\"151\">ST\u0158\u00cdBRN\u00c9 \/ SILVER<\/td>\n<\/tr>\n<\/tbody>\n<\/table>\n<p><strong>KATEGORIE \/ CATEGORY II<\/strong><\/p>\n<table width=\"463\">\n<tbody>\n<tr>\n<td width=\"37\">1<\/td>\n<td width=\"76\">Ili\u0107<\/td>\n<td width=\"104\">Sava<\/td>\n<td width=\"47\">SR<\/td>\n<td width=\"47\">24,1<\/td>\n<td width=\"151\">ZLAT\u00c9 \/ GOLDEN<\/td>\n<\/tr>\n<tr>\n<td width=\"37\">2<\/td>\n<td width=\"76\">Bart\u0142omiej<\/td>\n<td width=\"104\">Wide\u0142ka<\/td>\n<td width=\"47\">PL<\/td>\n<td width=\"47\">22,8<\/td>\n<td width=\"151\">ZLAT\u00c9 \/ GOLDEN<\/td>\n<\/tr>\n<tr>\n<td width=\"37\">3<\/td>\n<td width=\"76\">Daniela<\/td>\n<td width=\"104\">Hol\u00e1<\/td>\n<td width=\"47\">CZ<\/td>\n<td width=\"47\">22,2<\/td>\n<td width=\"151\">ZLAT\u00c9 \/ GOLDEN<\/td>\n<\/tr>\n<tr>\n<td width=\"37\">4<\/td>\n<td width=\"76\">Bernardas<\/td>\n<td width=\"104\">\u0160varplys<\/td>\n<td width=\"47\">LT<\/td>\n<td width=\"47\">21,6<\/td>\n<td width=\"151\">ZLAT\u00c9 \/ GOLDEN<\/td>\n<\/tr>\n<tr>\n<td width=\"37\">5<\/td>\n<td width=\"76\">Lazar<\/td>\n<td width=\"104\">Bajic<\/td>\n<td width=\"47\">BA<\/td>\n<td width=\"47\">21,2<\/td>\n<td width=\"151\">ZLAT\u00c9 \/ GOLDEN<\/td>\n<\/tr>\n<tr>\n<td width=\"37\">6<\/td>\n<td width=\"76\">Liliana<\/td>\n<td width=\"104\">Ber\u00e1nkov\u00e1<\/td>\n<td width=\"47\">CZ<\/td>\n<td width=\"47\">21,1<\/td>\n<td width=\"151\">ZLAT\u00c9 \/ GOLDEN<\/td>\n<\/tr>\n<tr>\n<td width=\"37\">7<\/td>\n<td width=\"76\">Marek<\/td>\n<td width=\"104\">Hol\u00ednec<\/td>\n<td width=\"47\">SK<\/td>\n<td width=\"47\">20,4<\/td>\n<td width=\"151\">ST\u0158\u00cdBRN\u00c9 \/ SILVER<\/td>\n<\/tr>\n<tr>\n<td width=\"37\">8<\/td>\n<td width=\"76\">Tade\u00e1\u0161<\/td>\n<td width=\"104\">Mr\u00e1zek<\/td>\n<td width=\"47\">CZ<\/td>\n<td width=\"47\">20,2<\/td>\n<td width=\"151\">ST\u0158\u00cdBRN\u00c9 \/ SILVER<\/td>\n<\/tr>\n<tr>\n<td width=\"37\">9<\/td>\n<td width=\"76\">Edward<\/td>\n<td width=\"104\">Irinasson<\/td>\n<td width=\"47\">SE<\/td>\n<td width=\"47\">20<\/td>\n<td width=\"151\">ST\u0158\u00cdBRN\u00c9 \/ SILVER<\/td>\n<\/tr>\n<tr>\n<td width=\"37\">10<\/td>\n<td width=\"76\">Ema<\/td>\n<td width=\"104\">Ka\u0161parov\u00e1<\/td>\n<td width=\"47\">CZ<\/td>\n<td width=\"47\">19,9<\/td>\n<td width=\"151\">ST\u0158\u00cdBRN\u00c9 \/ SILVER<\/td>\n<\/tr>\n<tr>\n<td width=\"37\">11<\/td>\n<td width=\"76\">Kristupas<\/td>\n<td width=\"104\">\u0160tabokas<\/td>\n<td width=\"47\">LT<\/td>\n<td width=\"47\">19,1<\/td>\n<td width=\"151\">ST\u0158\u00cdBRN\u00c9 \/ SILVER<\/td>\n<\/tr>\n<tr>\n<td width=\"37\">12<\/td>\n<td width=\"76\">Petra<\/td>\n<td width=\"104\">Zaj\u00ed\u010dkov\u00e1<\/td>\n<td width=\"47\">CZ<\/td>\n<td width=\"47\">18,9<\/td>\n<td width=\"151\">ST\u0158\u00cdBRN\u00c9 \/ SILVER<\/td>\n<\/tr>\n<tr>\n<td width=\"37\">13<\/td>\n<td width=\"76\">Em\u00edlie<\/td>\n<td width=\"104\">Hrd\u00e1<\/td>\n<td width=\"47\">CZ<\/td>\n<td width=\"47\">18,8<\/td>\n<td width=\"151\">ST\u0158\u00cdBRN\u00c9 \/ SILVER<\/td>\n<\/tr>\n<tr>\n<td width=\"37\">14<\/td>\n<td width=\"76\">Am\u00e9lie<\/td>\n<td width=\"104\">Gromb\u00ed\u0159ov\u00e1<\/td>\n<td width=\"47\">CZ<\/td>\n<td width=\"47\">14,9<\/td>\n<td width=\"151\">BRONZOV\u00c9 \/ BRONZE<\/td>\n<\/tr>\n<tr>\n<td width=\"37\">15<\/td>\n<td width=\"76\">Jana<\/td>\n<td width=\"104\">Vlachov\u00e1<\/td>\n<td width=\"47\">CZ<\/td>\n<td width=\"47\">14,9<\/td>\n<td width=\"151\">BRONZOV\u00c9 \/ BRONZE<\/td>\n<\/tr>\n<\/tbody>\n<\/table>\n<p><strong>KATEGORIE \/ CATEGORY III<\/strong><\/p>\n<table width=\"472\">\n<tbody>\n<tr>\n<td width=\"37\">1.<\/td>\n<td width=\"85\">Dawid<\/td>\n<td width=\"95\">Deja<\/td>\n<td width=\"47\">PL<\/td>\n<td width=\"47\">22,6<\/td>\n<td width=\"161\">ZLAT\u00c9 \/ GOLDEN<\/td>\n<\/tr>\n<tr>\n<td width=\"37\">2.<\/td>\n<td width=\"85\">\u017dygimantas<\/td>\n<td width=\"95\">Vy\u0161niauskas<\/td>\n<td width=\"47\">LT<\/td>\n<td width=\"47\">22,4<\/td>\n<td width=\"161\">ZLAT\u00c9 \/ GOLDEN<\/td>\n<\/tr>\n<tr>\n<td width=\"37\">3.<\/td>\n<td width=\"85\">Eva<\/td>\n<td width=\"95\">Narauskait\u0117<\/td>\n<td width=\"47\">LT<\/td>\n<td width=\"47\">22,2<\/td>\n<td width=\"161\">ZLAT\u00c9 \/ GOLDEN<\/td>\n<\/tr>\n<tr>\n<td width=\"37\">4.<\/td>\n<td width=\"85\">Michaela<\/td>\n<td width=\"95\">\u0160r\u00e1mkov\u00e1<\/td>\n<td width=\"47\">CZ<\/td>\n<td width=\"47\">22,2<\/td>\n<td width=\"161\">ZLAT\u00c9 \/ GOLDEN<\/td>\n<\/tr>\n<tr>\n<td width=\"37\">5.<\/td>\n<td width=\"85\">Zita<\/td>\n<td width=\"95\">Toma<\/td>\n<td width=\"47\">LV<\/td>\n<td width=\"47\">22,2<\/td>\n<td width=\"161\">ZLAT\u00c9 \/ GOLDEN<\/td>\n<\/tr>\n<tr>\n<td width=\"37\">6.<\/td>\n<td width=\"85\">Kristina<\/td>\n<td width=\"95\">Veletov\u00e1<\/td>\n<td width=\"47\">CZ<\/td>\n<td width=\"47\">20,5<\/td>\n<td width=\"161\">ST\u0158\u00cdBRN\u00c9 \/ SILVER<\/td>\n<\/tr>\n<tr>\n<td width=\"37\">7.<\/td>\n<td width=\"85\">Kry\u0161tof<\/td>\n<td width=\"95\">Bajus<\/td>\n<td width=\"47\">SK<\/td>\n<td width=\"47\">19,8<\/td>\n<td width=\"161\">ST\u0158\u00cdBRN\u00c9 \/ SILVER<\/td>\n<\/tr>\n<tr>\n<td width=\"37\">8.<\/td>\n<td width=\"85\">Gumru<\/td>\n<td width=\"95\">Ahundzada<\/td>\n<td width=\"47\">SE<\/td>\n<td width=\"47\">19,8<\/td>\n<td width=\"161\">ST\u0158\u00cdBRN\u00c9 \/ SILVER<\/td>\n<\/tr>\n<tr>\n<td width=\"37\">9.<\/td>\n<td width=\"85\">Filip<\/td>\n<td width=\"95\">Niczyporuk<\/td>\n<td width=\"47\">PL<\/td>\n<td width=\"47\">18,6<\/td>\n<td width=\"161\">ST\u0158\u00cdBRN\u00c9 \/ SILVER<\/td>\n<\/tr>\n<tr>\n<td width=\"37\">10.<\/td>\n<td width=\"85\">Dominik<\/td>\n<td width=\"95\">Bradshaw<\/td>\n<td width=\"47\">CZ<\/td>\n<td width=\"47\">18,5<\/td>\n<td width=\"161\">ST\u0158\u00cdBRN\u00c9 \/ SILVER<\/td>\n<\/tr>\n<tr>\n<td width=\"37\">11.<\/td>\n<td width=\"85\">Adam<\/td>\n<td width=\"95\">Veverka<\/td>\n<td width=\"47\">CZ<\/td>\n<td width=\"47\">18,2<\/td>\n<td width=\"161\">ST\u0158\u00cdBRN\u00c9 \/ SILVER<\/td>\n<\/tr>\n<tr>\n<td width=\"37\">12.<\/td>\n<td width=\"85\">Marie<\/td>\n<td width=\"95\">Z\u00e1vodsk\u00e1<\/td>\n<td width=\"47\">CZ<\/td>\n<td width=\"47\">18,1<\/td>\n<td width=\"161\">ST\u0158\u00cdBRN\u00c9 \/ SILVER<\/td>\n<\/tr>\n<tr>\n<td width=\"37\">13.<\/td>\n<td width=\"85\">\u0160t\u011bp\u00e1nka<\/td>\n<td width=\"95\">\u010cerm\u00e1kov\u00e1<\/td>\n<td width=\"47\">CZ<\/td>\n<td width=\"47\">17,3<\/td>\n<td width=\"161\">ST\u0158\u00cdBRN\u00c9 \/ SILVER<\/td>\n<\/tr>\n<tr>\n<td width=\"37\">14.<\/td>\n<td width=\"85\">V\u00e1clav<\/td>\n<td width=\"95\">Bastl<\/td>\n<td width=\"47\">CZ<\/td>\n<td width=\"47\">16,4<\/td>\n<td width=\"161\">ST\u0158\u00cdBRN\u00c9 \/ SILVER<\/td>\n<\/tr>\n<tr>\n<td width=\"37\">15.<\/td>\n<td width=\"85\">Petr<\/td>\n<td width=\"95\">Gabriel<\/td>\n<td width=\"47\">CZ<\/td>\n<td width=\"47\">14,8<\/td>\n<td width=\"161\">BRONZOV\u00c9 \/ BRONZE<\/td>\n<\/tr>\n<tr>\n<td width=\"37\">16.<\/td>\n<td width=\"85\">Malte<\/td>\n<td width=\"95\">Kvarnryd<\/td>\n<td width=\"47\">SE<\/td>\n<td width=\"47\">14,3<\/td>\n<td width=\"161\">BRONZOV\u00c9 \/ BRONZE<\/td>\n<\/tr>\n<tr>\n<td width=\"37\">17.<\/td>\n<td width=\"85\">Al\u017eb\u011bta<\/td>\n<td width=\"95\">Hegrov\u00e1<\/td>\n<td width=\"47\">CZ<\/td>\n<td width=\"47\">12,4<\/td>\n<td width=\"161\">BRONZOV\u00c9 \/ BRONZE<\/td>\n<\/tr>\n<\/tbody>\n<\/table>\n<p><strong>KATEGORIE \/ CATEGORY IV.<\/strong><\/p>\n<table width=\"472\">\n<tbody>\n<tr>\n<td width=\"37\">1<\/td>\n<td width=\"85\">\u0141ukasz<\/td>\n<td width=\"94\">Skubisz<\/td>\n<td width=\"47\">PL<\/td>\n<td width=\"47\">23,4<\/td>\n<td width=\"161\">ZLAT\u00c9 \/ GOLDEN<\/td>\n<\/tr>\n<tr>\n<td width=\"37\">2<\/td>\n<td width=\"85\">Aleksandar<\/td>\n<td width=\"94\">Pejovic<\/td>\n<td width=\"47\">SR<\/td>\n<td width=\"47\">23,2<\/td>\n<td width=\"161\">ZLAT\u00c9 \/ GOLDEN<\/td>\n<\/tr>\n<tr>\n<td width=\"37\">3<\/td>\n<td width=\"85\">Piet<\/td>\n<td width=\"94\">Daniels<\/td>\n<td width=\"47\">SE<\/td>\n<td width=\"47\">21,5<\/td>\n<td width=\"161\">ZLAT\u00c9 \/ GOLDEN<\/td>\n<\/tr>\n<tr>\n<td width=\"37\">4<\/td>\n<td width=\"85\">Kamil<\/td>\n<td width=\"94\">Borsuk<\/td>\n<td width=\"47\">PL<\/td>\n<td width=\"47\">20,8<\/td>\n<td width=\"161\">ST\u0158\u00cdBRN\u00c9 \/ SILVER<\/td>\n<\/tr>\n<tr>\n<td width=\"37\">5<\/td>\n<td width=\"85\">Daniel<\/td>\n<td width=\"94\">Stasielak<\/td>\n<td width=\"47\">PL<\/td>\n<td width=\"47\">20<\/td>\n<td width=\"161\">ST\u0158\u00cdBRN\u00c9 \/ SILVER<\/td>\n<\/tr>\n<tr>\n<td width=\"37\">6<\/td>\n<td width=\"85\">Vojt\u011bch<\/td>\n<td width=\"94\">Pumpr<\/td>\n<td width=\"47\">CZ<\/td>\n<td width=\"47\">19,9<\/td>\n<td width=\"161\">ST\u0158\u00cdBRN\u00c9 \/ SILVER<\/td>\n<\/tr>\n<tr>\n<td width=\"37\">7<\/td>\n<td width=\"85\">J\u00f3zef<\/td>\n<td width=\"94\">Waijdzik<\/td>\n<td width=\"47\">PL<\/td>\n<td width=\"47\">19,3<\/td>\n<td width=\"161\">ST\u0158\u00cdBRN\u00c9 \/ SILVER<\/td>\n<\/tr>\n<tr>\n<td width=\"37\">8<\/td>\n<td width=\"85\">Andrea<\/td>\n<td width=\"94\">\u0160ulcov\u00e1<\/td>\n<td width=\"47\">CZ<\/td>\n<td width=\"47\">19<\/td>\n<td width=\"161\">ST\u0158\u00cdBRN\u00c9 \/ SILVER<\/td>\n<\/tr>\n<tr>\n<td width=\"37\">9<\/td>\n<td width=\"85\">Gabriel\u0117<\/td>\n<td width=\"94\">Kunickait\u0117<\/td>\n<td width=\"47\">LT<\/td>\n<td width=\"47\">18,5<\/td>\n<td width=\"161\">ST\u0158\u00cdBRN\u00c9 \/ SILVER<\/td>\n<\/tr>\n<tr>\n<td width=\"37\">10<\/td>\n<td width=\"85\">Mihails<\/td>\n<td width=\"94\">Olehovs<\/td>\n<td width=\"47\">LV<\/td>\n<td width=\"47\">18<\/td>\n<td width=\"161\">ST\u0158\u00cdBRN\u00c9 \/ SILVER<\/td>\n<\/tr>\n<tr>\n<td width=\"37\">11<\/td>\n<td width=\"85\">Anna<\/td>\n<td width=\"94\">Zaj\u00ed\u010dkov\u00e1<\/td>\n<td width=\"47\">CZ<\/td>\n<td width=\"47\">17,9<\/td>\n<td width=\"161\">ST\u0158\u00cdBRN\u00c9 \/ SILVER<\/td>\n<\/tr>\n<tr>\n<td width=\"37\">12<\/td>\n<td width=\"85\">Anna<\/td>\n<td width=\"94\">Svr\u010dinov\u00e1<\/td>\n<td width=\"47\">CZ<\/td>\n<td width=\"47\">16,5<\/td>\n<td width=\"161\">ST\u0158\u00cdBRN\u00c9 \/ SILVER<\/td>\n<\/tr>\n<\/tbody>\n<\/table>\n<p><strong>Sobota 27. 10. Pra\u017esk\u00e1 konzervato\u0159 \u2013 koncertn\u00ed s\u00e1l, Dvo\u0159\u00e1kovo n\u00e1b\u0159. 2,\u00a0 Praha 1<\/strong><\/p>\n<p>KATEGORIE \/ CATEGORY V.<\/p>\n<table width=\"472\">\n<tbody>\n<tr>\n<td width=\"47\">1.<\/td>\n<td width=\"76\">Martin<\/td>\n<td width=\"85\">\u0160ulc<\/td>\n<td width=\"58\">CZ<\/td>\n<td width=\"66\">23,6<\/td>\n<td width=\"140\">ZLAT\u00c9 \/ GOLDEN<\/td>\n<\/tr>\n<tr>\n<td width=\"47\">2.<\/td>\n<td width=\"76\">Martin<\/td>\n<td width=\"85\">Kot<\/td>\n<td width=\"58\">CZ<\/td>\n<td width=\"66\">23,4<\/td>\n<td width=\"140\">ZLAT\u00c9 \/ GOLDEN<\/td>\n<\/tr>\n<tr>\n<td width=\"47\">3.<\/td>\n<td width=\"76\">Marek<\/td>\n<td width=\"85\">Mik\u00e1\u010d<\/td>\n<td width=\"58\">SK<\/td>\n<td width=\"66\">22,8<\/td>\n<td width=\"140\">ZLAT\u00c9 \/ GOLDEN<\/td>\n<\/tr>\n<tr>\n<td width=\"47\">4.<\/td>\n<td width=\"76\">Uriasz<\/td>\n<td width=\"85\">Kornel<\/td>\n<td width=\"58\">PL<\/td>\n<td width=\"66\">22,5<\/td>\n<td width=\"140\">ZLAT\u00c9 \/ GOLDEN<\/td>\n<\/tr>\n<tr>\n<td width=\"47\">5.<\/td>\n<td width=\"76\">Nikodem<\/td>\n<td width=\"85\">Sobek<\/td>\n<td width=\"58\">PL<\/td>\n<td width=\"66\">22,5<\/td>\n<td width=\"140\">ZLAT\u00c9 \/ GOLDEN<\/td>\n<\/tr>\n<tr>\n<td width=\"47\">6.<\/td>\n<td width=\"76\">Eli\u0161ka<\/td>\n<td width=\"85\">Nimbursk\u00e1<\/td>\n<td width=\"58\">CZ<\/td>\n<td width=\"66\">21,3<\/td>\n<td width=\"140\">ZLAT\u00c9 \/ GOLDEN<\/td>\n<\/tr>\n<tr>\n<td width=\"47\">7.<\/td>\n<td width=\"76\">Marta Dawn<\/td>\n<td width=\"85\">Tich\u00e1<\/td>\n<td width=\"58\">CZ<\/td>\n<td width=\"66\">20,6<\/td>\n<td width=\"140\">ST\u0158\u00cdBRN\u00c9 \/ SILVER<\/td>\n<\/tr>\n<tr>\n<td width=\"47\">8.<\/td>\n<td width=\"76\">Aneta<\/td>\n<td width=\"85\">Volfov\u00e1<\/td>\n<td width=\"58\">CZ<\/td>\n<td width=\"66\">20,1<\/td>\n<td width=\"140\">ST\u0158\u00cdBRN\u00c9 \/ SILVER<\/td>\n<\/tr>\n<tr>\n<td width=\"47\">9.<\/td>\n<td width=\"76\">Ognjen<\/td>\n<td width=\"85\">Gazdi\u0107<\/td>\n<td width=\"58\">BA<\/td>\n<td width=\"66\">18,6<\/td>\n<td width=\"140\">ST\u0158\u00cdBRN\u00c9 \/ SILVER<\/td>\n<\/tr>\n<tr>\n<td width=\"47\">10.<\/td>\n<td width=\"76\">Rebecca<\/td>\n<td width=\"85\">Pongs<\/td>\n<td width=\"58\">DE<\/td>\n<td width=\"66\">17,7<\/td>\n<td width=\"140\">ST\u0158\u00cdBRN\u00c9 \/ SILVER<\/td>\n<\/tr>\n<tr>\n<td width=\"47\">11.<\/td>\n<td width=\"76\">Luk\u00e1\u0161<\/td>\n<td width=\"85\">Hart<\/td>\n<td width=\"58\">CZ<\/td>\n<td width=\"66\">16,2<\/td>\n<td width=\"140\">ST\u0158\u00cdBRN\u00c9 \/ SILVER<\/td>\n<\/tr>\n<tr>\n<td width=\"47\">12.<\/td>\n<td width=\"76\">Marcin<\/td>\n<td width=\"85\">Pajor<\/td>\n<td width=\"58\">PL<\/td>\n<td width=\"66\">16,2<\/td>\n<td width=\"140\">ST\u0158\u00cdBRN\u00c9 \/ SILVER<\/td>\n<\/tr>\n<\/tbody>\n<\/table>\n<p><strong>KATEGORIE \/ CATEGORY VI<\/strong><\/p>\n<table width=\"293\">\n<tbody>\n<tr>\n<td width=\"37\">1.<\/td>\n<td width=\"76\">Daniela<\/td>\n<td width=\"85\">Paterov\u00e1<\/td>\n<td width=\"38\">CZ<\/td>\n<td width=\"57\">22,6<\/td>\n<\/tr>\n<tr>\n<td width=\"37\">2.<\/td>\n<td width=\"76\">Nepomuk<\/td>\n<td width=\"85\">Golding<\/td>\n<td width=\"38\">DE<\/td>\n<td width=\"57\">22<\/td>\n<\/tr>\n<tr>\n<td width=\"37\">3.<\/td>\n<td width=\"76\">Veronika<\/td>\n<td width=\"85\">Belancov\u00e1<\/td>\n<td width=\"38\">SK<\/td>\n<td width=\"57\">20<\/td>\n<\/tr>\n<tr>\n<td width=\"37\">4.<\/td>\n<td width=\"76\">Marco<\/td>\n<td width=\"85\">Plavcic<\/td>\n<td width=\"38\">BA<\/td>\n<td width=\"57\">18,4<\/td>\n<\/tr>\n<\/tbody>\n<\/table>\n<p><strong>KATEGORIE \/ CATEGORY VII<\/strong><\/p>\n<table width=\"453\">\n<tbody>\n<tr>\n<td width=\"37\"><\/td>\n<td width=\"66\"><\/td>\n<td width=\"104\"><\/td>\n<td width=\"47\"><\/td>\n<td width=\"57\">1.<\/td>\n<td width=\"66\">2.<\/td>\n<td width=\"76\">\u00f8<\/td>\n<\/tr>\n<tr>\n<td width=\"37\">1<\/td>\n<td width=\"66\">Filip<\/td>\n<td width=\"104\">Kratochv\u00edl<\/td>\n<td width=\"47\">CZ<\/td>\n<td width=\"57\">21,5<\/td>\n<td width=\"66\">23,5<\/td>\n<td width=\"76\"><strong>22,5<\/strong><\/td>\n<\/tr>\n<tr>\n<td width=\"37\">2<\/td>\n<td width=\"66\">Valeriia<\/td>\n<td width=\"104\">Khrushchovska<\/td>\n<td width=\"47\">UA<\/td>\n<td width=\"57\">21<\/td>\n<td width=\"66\">20,5<\/td>\n<td width=\"76\"><strong>20,75<\/strong><\/td>\n<\/tr>\n<\/tbody>\n<\/table>\n<p><strong>KATEGORIE \/ CATEGORY VIII<\/strong><\/p>\n<table width=\"444\">\n<tbody>\n<tr>\n<td width=\"28\">1<\/td>\n<td width=\"207\">Tarn\u00f3w Trio<\/td>\n<td width=\"32\">PL<\/td>\n<td width=\"53\">23<\/td>\n<td width=\"124\">ZLAT\u00c9 \/ GOLDEN<\/td>\n<\/tr>\n<tr>\n<td width=\"28\">2<\/td>\n<td width=\"207\">Duo J. \u0160irok\u00fd x J. Sklen\u00e1\u0159 ZU\u0160 Bed\u0159icha Smetany Plze\u0148<\/td>\n<td width=\"32\">CZ<\/td>\n<td width=\"53\">22,8<\/td>\n<td width=\"124\">ZLAT\u00c9 \/ GOLDEN<\/td>\n<\/tr>\n<tr>\n<td width=\"28\">3<\/td>\n<td width=\"207\">Duo D. Roman\u010d\u00e1k x S. Koz\u00e1k ZU\u0160 Trebi\u0161ov<\/td>\n<td width=\"32\">SK<\/td>\n<td width=\"53\">20,9<\/td>\n<td width=\"124\">ST\u0158\u00cdBRN\u00c9 \/ SILVER<\/td>\n<\/tr>\n<tr>\n<td width=\"28\">4<\/td>\n<td width=\"207\">Duo Espresso Panstwowa Szkola Muzyczna I stopnia w Szczecinie<\/td>\n<td width=\"32\">PL<\/td>\n<td width=\"53\">20,5<\/td>\n<td width=\"124\">ST\u0158\u00cdBRN\u00c9 \/ SILVER<\/td>\n<\/tr>\n<\/tbody>\n<\/table>\n<p><strong>KATEGORIE \/ CATEGORY X<\/strong><\/p>\n<table width=\"440\">\n<tbody>\n<tr>\n<td width=\"28\">1<\/td>\n<td width=\"208\">Tango Sexteto del Sur<\/p>\n<p>ZU\u0160 V\u00edt\u011bzslavy Kapr\u00e1lov\u00e9 Brno<\/td>\n<td width=\"34\">CZ<\/td>\n<td width=\"48\">23<\/td>\n<td width=\"121\">ZLAT\u00c9 \/ GOLDEN<\/td>\n<\/tr>\n<\/tbody>\n<\/table>\n<p><strong>KATEGORIE \/ CATEGORY XI<\/strong><\/p>\n<table width=\"444\">\n<tbody>\n<tr>\n<td width=\"28\">1<\/td>\n<td width=\"207\">Akkordeonensemble &#8222;D\u00b4Akkord&#8220; Berlin<\/td>\n<td width=\"39\">DE<\/td>\n<td width=\"38\">20,7<\/td>\n<td width=\"132\">ST\u0158\u00cdBRN\u00c9 \/ SILVER<\/td>\n<\/tr>\n<\/tbody>\n<\/table>\n<p><strong>KATEGORIE \/ CATEGORY XII<\/strong><\/p>\n<table width=\"445\">\n<tbody>\n<tr>\n<td width=\"28\">1<\/td>\n<td width=\"208\">Melody Accordio Orchestra<\/p>\n<p>ZU\u0160 Senica<\/td>\n<td width=\"34\">SK<\/td>\n<td width=\"44\">20,7<\/td>\n<td width=\"131\">ST\u0158\u00cdBRN\u00c9 \/ SILVER<\/td>\n<\/tr>\n<tr>\n<td width=\"28\">2<\/td>\n<td width=\"208\">Musica Harmonica<\/p>\n<p>ZU\u0160 \u010cerven\u00fd Kostelec a N\u00e1chod<\/td>\n<td width=\"34\">DE<\/td>\n<td width=\"44\">19,9<\/td>\n<td width=\"131\">ST\u0158\u00cdBRN\u00c9 \/ SILVER<\/td>\n<\/tr>\n<tr>\n<td width=\"28\">3<\/td>\n<td width=\"208\">Spojen\u00fd akorde\u00f3nov\u00fd orchester<\/p>\n<p>Zu\u0161 Lipany a EP Jakubovany<\/td>\n<td width=\"34\">SK<\/td>\n<td width=\"44\">19,5<\/td>\n<td width=\"131\">ST\u0158\u00cdBRN\u00c9 \/ SILVER<\/td>\n<\/tr>\n<\/tbody>\n<\/table>\n<p><strong>KATEGORIE \/ CATEGORY XIII<\/strong><\/p>\n<table>\n<tbody>\n<tr>\n<td width=\"28\">1<\/td>\n<td width=\"208\">Mols Akkordeonensemble<\/td>\n<td width=\"38\">B<\/td>\n<td width=\"47\">23,1<\/td>\n<td width=\"123\">ZLAT\u00c9 \/ GOLDEN<\/td>\n<\/tr>\n<\/tbody>\n<\/table>\n<p>&nbsp;<\/p>\n<p>&nbsp;<\/p>\n<p>&nbsp;<\/p>\n<p>&nbsp;<\/p>\n<p>&nbsp;<\/p>\n","protected":false},"excerpt":{"rendered":"<p>Festivalov\u00fd katalog PODROBN\u00c9 V\u00ddSLEDKY\u00a0v pdf. P\u00e1tek, 26. 10. Pra\u017esk\u00e1 konzervato\u0159 \u2013 koncertn\u00ed s\u00e1l, Dvo\u0159\u00e1kovo n\u00e1b\u0159. 2, \u00a0Praha 1 KATEGORIE \/ CATEGORY 0. 1. Sofie Mlejnkov\u00e1 CZ 21,8 ZLAT\u00c9 \/ GOLDEN 2. Ane\u017eka Veletov\u00e1 CZ 20,7 ST\u0158\u00cdBRN\u00c9 \/ SILVER 3. Maty\u00e1\u0161&hellip; <\/p>\n","protected":false},"author":2,"featured_media":0,"parent":0,"menu_order":0,"comment_status":"closed","ping_status":"closed","template":"","meta":{"footnotes":""},"class_list":["post-1660","page","type-page","status-publish","hentry"],"_links":{"self":[{"href":"https:\/\/www.accordion.cz\/index.php?rest_route=\/wp\/v2\/pages\/1660"}],"collection":[{"href":"https:\/\/www.accordion.cz\/index.php?rest_route=\/wp\/v2\/pages"}],"about":[{"href":"https:\/\/www.accordion.cz\/index.php?rest_route=\/wp\/v2\/types\/page"}],"author":[{"embeddable":true,"href":"https:\/\/www.accordion.cz\/index.php?rest_route=\/wp\/v2\/users\/2"}],"replies":[{"embeddable":true,"href":"https:\/\/www.accordion.cz\/index.php?rest_route=%2Fwp%2Fv2%2Fcomments&post=1660"}],"version-history":[{"count":15,"href":"https:\/\/www.accordion.cz\/index.php?rest_route=\/wp\/v2\/pages\/1660\/revisions"}],"predecessor-version":[{"id":1716,"href":"https:\/\/www.accordion.cz\/index.php?rest_route=\/wp\/v2\/pages\/1660\/revisions\/1716"}],"wp:attachment":[{"href":"https:\/\/www.accordion.cz\/index.php?rest_route=%2Fwp%2Fv2%2Fmedia&parent=1660"}],"curies":[{"name":"wp","href":"https:\/\/api.w.org\/{rel}","templated":true}]}}