{"id":1331,"date":"2017-10-02T11:29:48","date_gmt":"2017-10-02T10:29:48","guid":{"rendered":"http:\/\/www.accordion.cz\/?page_id=1331"},"modified":"2018-05-23T13:21:28","modified_gmt":"2018-05-23T12:21:28","slug":"teilnehmern-2018","status":"publish","type":"page","link":"https:\/\/www.accordion.cz\/?page_id=1331&lang=de","title":{"rendered":"ERGEBNISSE 2017"},"content":{"rendered":"<p><a href=\"http:\/\/www.accordion.cz\/wp-content\/uploads\/2017\/10\/vysledkysouboryint-1.pdf\">ENSEMBLES &#8211; ausf\u00fchrliche Ergebnisse PDF<\/a><\/p>\n<p>&nbsp;<\/p>\n<p><strong>P\u00c1LLFYOVSK\u00dd PAL\u00c1C<\/strong>, Vald\u0161tejnsk\u00e1 ul., Praha 1 &#8211;\u00a0<strong>\u00a0Small hall<br \/>\nJURY III. (Marcela Kysov\u00e1 Halmov\u00e1, Irena Holomkov\u00e1, Jan Kotr\u010d, Diana Medeksaite)<\/strong><\/p>\n<p><\n<\/table>\n<p><span style=\"color: #0000ff;\"><strong>Kategorie \/ Category VIII.<\/strong><\/span><\/p>\n<table width=\"506\">\n<tbody>\n<tr>\n<td width=\"34\"><strong>1<\/strong><\/td>\n<td width=\"265\"><strong>DUO Akkordeon\/Klavier Ramisch, M\u00fcller<\/strong><\/td>\n<td width=\"47\"><strong>DE<\/strong><\/td>\n<td width=\"47\"><strong>23<\/strong><\/td>\n<td width=\"113\"><strong>zlat\u00e9 \/ golden<\/strong><\/td>\n<\/tr>\n<tr>\n<td width=\"34\">2<\/td>\n<td width=\"265\">Cinnamon Duo<\/td>\n<td width=\"47\">PL<\/td>\n<td width=\"47\">19<\/td>\n<td width=\"113\">st\u0159\u00edbrn\u00e9 \/ silver<\/td>\n<\/tr>\n<tr>\n<td width=\"34\">2<\/td>\n<td width=\"265\">Duo Sokolov\u00e1 &#8211; Lichv\u00e1rov\u00e1<\/td>\n<td width=\"47\">SK<\/td>\n<td width=\"47\">19<\/td>\n<td width=\"113\">st\u0159\u00edbrn\u00e9 \/ silver<\/td>\n<\/tr>\n<tr>\n<td width=\"34\">3<\/td>\n<td width=\"265\">Akordeonov\u00e9 duo ZU\u0160 Blansko<\/td>\n<td width=\"47\">CZ<\/td>\n<td width=\"47\">18<\/td>\n<td width=\"113\">st\u0159\u00edbrn\u00e9 \/ silver<\/td>\n<\/tr>\n<\/tbody>\n<\/table>\n<p><span style=\"color: #0000ff;\"><strong>Kategorie\/ Category IX.<\/strong><\/span><\/p>\n<table width=\"457\">\n<tbody>\n<tr>\n<td width=\"34\"><strong>1<\/strong><\/td>\n<td width=\"195\"><strong>Duo An&amp;Podolska<\/strong><\/td>\n<td width=\"48\"><strong>PL<\/strong><\/td>\n<td width=\"48\"><strong>23,3<\/strong><\/td>\n<td width=\"132\"><strong>zlat\u00e9 \/ golden<\/strong><\/td>\n<\/tr>\n<tr>\n<td width=\"34\">2<\/td>\n<td width=\"195\">SaxofON a akordeON<\/td>\n<td width=\"48\">CZ<\/td>\n<td width=\"48\">22,5<\/td>\n<td width=\"132\">zlat\u00e9 \/ golden<\/td>\n<\/tr>\n<tr>\n<td width=\"34\">3<\/td>\n<td width=\"195\">DUO NOCI\u016aT\u0116 &#8211; JURK\u0160A<\/td>\n<td width=\"48\">LT<\/td>\n<td width=\"48\">22,2<\/td>\n<td width=\"132\">zlat\u00e9 \/ golden<\/td>\n<\/tr>\n<tr>\n<td width=\"34\">4<\/td>\n<td width=\"195\">M Trio ZU\u0160 Bojnice<\/td>\n<td width=\"48\">SK<\/td>\n<td width=\"48\">21,7<\/td>\n<td width=\"132\">zlat\u00e9 \/ golden<\/td>\n<\/tr>\n<tr>\n<td width=\"34\">5<\/td>\n<td width=\"195\">Duo Dufek &#8211; Vintr<\/td>\n<td width=\"48\">CZ<\/td>\n<td width=\"48\">19,8<\/td>\n<td width=\"132\">st\u0159\u00edbrn\u00e9 \/ silver<\/td>\n<\/tr>\n<tr>\n<td width=\"34\">6<\/td>\n<td width=\"195\">Duo \u0160tanclov\u00e1 &#8211; Krej\u010d\u00ed\u0159ov\u00e1<\/td>\n<td width=\"48\">CZ<\/td>\n<td width=\"48\">18<\/td>\n<td width=\"132\">st\u0159\u00edbrn\u00e9 \/ silver<\/td>\n<\/tr>\n<tr>\n<td width=\"34\">7<\/td>\n<td width=\"195\">Duo \u010calkovsk\u00fd &#8211; Halbychov\u00e1<\/td>\n<td width=\"48\">CZ<\/td>\n<td width=\"48\">13,6<\/td>\n<td width=\"132\">bronzov\u00e9 \/ bronze<\/td>\n<\/tr>\n<\/tbody>\n<\/table>\n<p><span style=\"color: #0000ff;\"><strong>Kategorie \/ Category X.<\/strong><\/span><\/p>\n<table width=\"409\">\n<tbody>\n<tr>\n<td width=\"34\"><strong>1<\/strong><\/td>\n<td width=\"171\"><strong>Vesel\u00e9 harmoniky<\/strong><\/td>\n<td width=\"48\"><strong>SK<\/strong><\/td>\n<td width=\"48\"><strong>21<\/strong><\/td>\n<td width=\"108\"><strong>zlat\u00e9 \/ golden<\/strong><\/td>\n<\/tr>\n<\/tbody>\n<\/table>\n<p><span style=\"color: #0000ff;\"><strong>Kategorie \/ Category XI.<\/strong><\/span><\/p>\n<table width=\"516\">\n<tbody>\n<tr>\n<td width=\"34\"><strong>1<\/strong><\/td>\n<td width=\"265\"><strong>S&amp;B Quintet<\/strong><\/td>\n<td width=\"47\"><strong>PL<\/strong><\/td>\n<td width=\"47\"><strong>23<\/strong><\/td>\n<td width=\"123\"><strong>zlat\u00e9 \/ golden<\/strong><\/td>\n<\/tr>\n<tr>\n<td width=\"34\">2<\/td>\n<td width=\"265\">Jugendensemble Harmonikaring Berghausen 1953 e.V.<\/td>\n<td width=\"47\">DE<\/td>\n<td width=\"47\">21<\/td>\n<td width=\"123\">zlat\u00e9 \/ golden<\/td>\n<\/tr>\n<\/tbody>\n<\/table>\n<p><span style=\"color: #0000ff;\"><strong>Kategorie \/ Category XIII.<\/strong><\/span><\/p>\n<table width=\"554\">\n<tbody>\n<tr>\n<td width=\"34\"><strong>1<\/strong><\/td>\n<td width=\"265\"><strong>Akordeonika<\/strong><\/td>\n<td width=\"76\"><strong>SK<\/strong><\/td>\n<td width=\"47\"><strong>23,4<\/strong><\/td>\n<td width=\"132\"><strong>zlat\u00e9 \/ golden<\/strong><\/td>\n<\/tr>\n<tr>\n<td width=\"34\">2<\/td>\n<td width=\"265\">International Accordion Orchestra Baltic Tremolo<\/td>\n<td width=\"76\">EST\/LT\/LV<\/td>\n<td width=\"47\">19,2<\/td>\n<td width=\"132\">st\u0159\u00edbrn\u00e9 \/ silver<\/td>\n<\/tr>\n<\/tbody>\n<\/table>\n<p><span style=\"color: #0000ff;\"><strong>Kategorie \/ Category XIV.<\/strong><\/span><\/p>\n<table width=\"554\">\n<tbody>\n<tr>\n<td width=\"34\"><strong>1<\/strong><\/td>\n<td width=\"265\"><strong>International Accordion Orchestra Baltic Tremolo<\/strong><\/td>\n<td width=\"76\"><strong> EST\/LT\/LV<\/strong><\/td>\n<td width=\"57\"><strong>21<\/strong><\/td>\n<td width=\"123\"><strong>zlat\u00e9 \/ golden<\/strong><\/td>\n<\/tr>\n<\/tbody>\n<\/table>\n<p>&nbsp;<\/p>\n","protected":false},"excerpt":{"rendered":"<p>ENSEMBLES &#8211; ausf\u00fchrliche Ergebnisse PDF &nbsp; P\u00c1LLFYOVSK\u00dd PAL\u00c1C, Vald\u0161tejnsk\u00e1 ul., Praha 1 &#8211;\u00a0\u00a0Small hall JURY III. (Marcela Kysov\u00e1 Halmov\u00e1, Irena Holomkov\u00e1, Jan Kotr\u010d, Diana Medeksaite) < Kategorie \/ Category VIII. 1 DUO Akkordeon\/Klavier Ramisch, M\u00fcller DE 23 zlat\u00e9 \/ golden&hellip; \n<\/p>\n","protected":false},"author":2,"featured_media":0,"parent":0,"menu_order":0,"comment_status":"closed","ping_status":"closed","template":"","meta":{"footnotes":""},"class_list":["post-1331","page","type-page","status-publish","hentry"],"_links":{"self":[{"href":"https:\/\/www.accordion.cz\/index.php?rest_route=\/wp\/v2\/pages\/1331"}],"collection":[{"href":"https:\/\/www.accordion.cz\/index.php?rest_route=\/wp\/v2\/pages"}],"about":[{"href":"https:\/\/www.accordion.cz\/index.php?rest_route=\/wp\/v2\/types\/page"}],"author":[{"embeddable":true,"href":"https:\/\/www.accordion.cz\/index.php?rest_route=\/wp\/v2\/users\/2"}],"replies":[{"embeddable":true,"href":"https:\/\/www.accordion.cz\/index.php?rest_route=%2Fwp%2Fv2%2Fcomments&post=1331"}],"version-history":[{"count":13,"href":"https:\/\/www.accordion.cz\/index.php?rest_route=\/wp\/v2\/pages\/1331\/revisions"}],"predecessor-version":[{"id":1502,"href":"https:\/\/www.accordion.cz\/index.php?rest_route=\/wp\/v2\/pages\/1331\/revisions\/1502"}],"wp:attachment":[{"href":"https:\/\/www.accordion.cz\/index.php?rest_route=%2Fwp%2Fv2%2Fmedia&parent=1331"}],"curies":[{"name":"wp","href":"https:\/\/api.w.org\/{rel}","templated":true}]}}