{"id":9,"date":"2017-05-25T00:01:54","date_gmt":"2017-05-24T22:01:54","guid":{"rendered":"http:\/\/www.accordion.cz\/sca\/?page_id=9"},"modified":"2026-02-02T21:11:44","modified_gmt":"2026-02-02T20:11:44","slug":"contact","status":"publish","type":"page","link":"http:\/\/www.accordion.cz\/sca\/contact\/","title":{"rendered":"Kontakt"},"content":{"rendered":"<h4>V\u00fdkonn\u00fd v\u00fdbor<br \/>\n<a href=\"mailto:sca@accordion.cz\">sca@accordion.cz<\/a><\/h4>\n<p><strong>Bankovn\u00ed spojen\u00ed:<br \/>\n<span style=\"color: #ff0000;\">109200655\/0100<\/span><\/strong><\/p>\n<p><strong>Ladislav Hor\u00e1k &#8211; p\u0159edseda spolku \u00a0 \u00a0 \u00a0 \u00a0 \u00a0 \u00a0 \u00a0 \u00a0 \u00a0 \u00a0 \u00a0 \u00a0 \u00a0 \u00a0 \u00a0 \u00a0 \u00a0 \u00a0 \u00a0 \u00a0 \u00a0<\/strong><strong><br \/>\n<\/strong><a href=\"mailto: lad.horak@seznam.cz\">lad.horak@seznam.cz<\/a><br \/>\n<a href=\"http:\/\/ladislavhorak.cz\/kontakt.php\">http:\/\/ladislavhorak.cz\/kontakt.php<\/a>\u00a0 \u00a0 \u00a0 \u00a0<strong><br \/>\n<\/strong><\/p>\n<p><strong><img loading=\"lazy\" decoding=\"async\" class=\"alignnone wp-image-53\" src=\"http:\/\/www.accordion.cz\/sca\/wp-content\/uploads\/2017\/05\/horak_foto.jpg\" alt=\"\" width=\"172\" height=\"209\" \/>\u00a0 \u00a0 \u00a0 \u00a0 \u00a0 \u00a0 \u00a0 \u00a0 \u00a0 \u00a0 \u00a0 \u00a0\u00a0\u00a0 \u00a0 \u00a0 \u00a0 \u00a0 \u00a0<\/strong><\/p>\n<p><strong>Ji\u0159\u00ed Luke\u0161<br \/>\n<\/strong><a href=\"mailto:jiri.luk@gmail.com\">jiri.luk@gmail.com<\/a><br \/>\n<a href=\"http:\/\/jirilukes.com\">http:\/\/jirilukes.com<\/a><strong><br \/>\n<\/strong><\/p>\n<p><img loading=\"lazy\" decoding=\"async\" class=\"alignnone  wp-image-97\" src=\"http:\/\/www.accordion.cz\/sca\/wp-content\/uploads\/2017\/05\/lukes_cv_foto.png\" alt=\"\" width=\"172\" height=\"231\" \/><\/p>\n<p><strong>Petr Vacek<br \/>\n<\/strong><a href=\"mailto:vacepe@seznam.cz\">vacepe@seznam.cz<\/a><br \/>\n<a href=\"http:\/\/www.petrvacek.eu\/kontakt.php\">http:\/\/www.petrvacek.eu\/kontakt.php<\/a><\/p>\n<p><strong><img loading=\"lazy\" decoding=\"async\" class=\"alignnone  wp-image-300\" src=\"http:\/\/www.accordion.cz\/sca\/wp-content\/uploads\/2022\/04\/Petr-Vacek.jpg\" alt=\"\" width=\"172\" height=\"211\" srcset=\"http:\/\/www.accordion.cz\/sca\/wp-content\/uploads\/2022\/04\/Petr-Vacek.jpg 1617w, http:\/\/www.accordion.cz\/sca\/wp-content\/uploads\/2022\/04\/Petr-Vacek-244x300.jpg 244w, http:\/\/www.accordion.cz\/sca\/wp-content\/uploads\/2022\/04\/Petr-Vacek-834x1024.jpg 834w, http:\/\/www.accordion.cz\/sca\/wp-content\/uploads\/2022\/04\/Petr-Vacek-768x943.jpg 768w, http:\/\/www.accordion.cz\/sca\/wp-content\/uploads\/2022\/04\/Petr-Vacek-1251x1536.jpg 1251w, http:\/\/www.accordion.cz\/sca\/wp-content\/uploads\/2022\/04\/Petr-Vacek-624x766.jpg 624w\" sizes=\"auto, (max-width: 172px) 100vw, 172px\" \/><\/strong><\/p>\n<p><strong>Martin \u0160ulc<br \/>\n<\/strong><a href=\"martinaulc999@gmail.com\">martinaulc999@gmail.com<\/a><br \/>\n<a href=\"https:\/\/www.martinsulc-accordion.cz\">https:\/\/www.martinsulc-accordion.cz<\/a><\/p>\n<p><img loading=\"lazy\" decoding=\"async\" class=\"alignnone  wp-image-372\" src=\"http:\/\/www.accordion.cz\/sca\/wp-content\/uploads\/2024\/07\/sulc.webp\" alt=\"\" width=\"291\" height=\"194\" srcset=\"http:\/\/www.accordion.cz\/sca\/wp-content\/uploads\/2024\/07\/sulc.webp 1600w, http:\/\/www.accordion.cz\/sca\/wp-content\/uploads\/2024\/07\/sulc-300x200.webp 300w, http:\/\/www.accordion.cz\/sca\/wp-content\/uploads\/2024\/07\/sulc-1024x682.webp 1024w, http:\/\/www.accordion.cz\/sca\/wp-content\/uploads\/2024\/07\/sulc-768x512.webp 768w, http:\/\/www.accordion.cz\/sca\/wp-content\/uploads\/2024\/07\/sulc-1536x1023.webp 1536w, http:\/\/www.accordion.cz\/sca\/wp-content\/uploads\/2024\/07\/sulc-624x416.webp 624w\" sizes=\"auto, (max-width: 291px) 100vw, 291px\" \/><\/p>\n","protected":false},"excerpt":{"rendered":"<p>V\u00fdkonn\u00fd v\u00fdbor sca@accordion.cz Bankovn\u00ed spojen\u00ed: 109200655\/0100 Ladislav Hor\u00e1k &#8211; p\u0159edseda spolku \u00a0 \u00a0 \u00a0 \u00a0 \u00a0 \u00a0 \u00a0 \u00a0 \u00a0 \u00a0 \u00a0 \u00a0 \u00a0 \u00a0 \u00a0 \u00a0 \u00a0 \u00a0 \u00a0 \u00a0 \u00a0 lad.horak@seznam.cz http:\/\/ladislavhorak.cz\/kontakt.php\u00a0 \u00a0 \u00a0 \u00a0 \u00a0 \u00a0 \u00a0 \u00a0 \u00a0 \u00a0 \u00a0 \u00a0 \u00a0 \u00a0 \u00a0 \u00a0\u00a0\u00a0 \u00a0 \u00a0 \u00a0 \u00a0 \u00a0 Ji\u0159\u00ed [&hellip;]<\/p>\n","protected":false},"author":1,"featured_media":0,"parent":0,"menu_order":0,"comment_status":"closed","ping_status":"closed","template":"","meta":{"footnotes":""},"class_list":["post-9","page","type-page","status-publish","hentry"],"_links":{"self":[{"href":"http:\/\/www.accordion.cz\/sca\/wp-json\/wp\/v2\/pages\/9","targetHints":{"allow":["GET"]}}],"collection":[{"href":"http:\/\/www.accordion.cz\/sca\/wp-json\/wp\/v2\/pages"}],"about":[{"href":"http:\/\/www.accordion.cz\/sca\/wp-json\/wp\/v2\/types\/page"}],"author":[{"embeddable":true,"href":"http:\/\/www.accordion.cz\/sca\/wp-json\/wp\/v2\/users\/1"}],"replies":[{"embeddable":true,"href":"http:\/\/www.accordion.cz\/sca\/wp-json\/wp\/v2\/comments?post=9"}],"version-history":[{"count":23,"href":"http:\/\/www.accordion.cz\/sca\/wp-json\/wp\/v2\/pages\/9\/revisions"}],"predecessor-version":[{"id":429,"href":"http:\/\/www.accordion.cz\/sca\/wp-json\/wp\/v2\/pages\/9\/revisions\/429"}],"wp:attachment":[{"href":"http:\/\/www.accordion.cz\/sca\/wp-json\/wp\/v2\/media?parent=9"}],"curies":[{"name":"wp","href":"https:\/\/api.w.org\/{rel}","templated":true}]}}